{"id":3534,"date":"2023-07-10T23:55:34","date_gmt":"2023-07-10T21:55:34","guid":{"rendered":"https:\/\/phoenix-travel.pl\/?page_id=3534"},"modified":"2023-07-11T00:15:04","modified_gmt":"2023-07-10T22:15:04","slug":"phoenix-travel-radomsko-wyjazd-integracyjny-augustow-wilno","status":"publish","type":"page","link":"https:\/\/phoenix-travel.pl\/?page_id=3534","title":{"rendered":"Phoenix Travel Radomsko<br>&#8211;<br> Wyjazd Integracyjny<br>&#8211;<br> August\u00f3w &#8211; Wilno"},"content":{"rendered":"<div class=\"gb-container gb-container-37a00443\"><div class=\"gb-inside-container\">\n\n<h2 class=\"gb-headline gb-headline-89e00bd9\"><span class=\"gb-icon\"><svg viewBox=\"0 0 200 89.68\" xmlns=\"http:\/\/www.w3.org\/2000\/svg\" data-name=\"Layer 1\"><path d=\"M100 26.67c26.16 0 41.14-17.89 67.65-17.89 10.5 0 22.63 3.14 32.35 7.88V8.22C190.47 3.33 178.17 0 167.65 0c-26 0-41 17.89-67.65 17.89S58.33 0 32.35 0C21.83 0 9.52 3.33 0 8.22v8.44c9.72-4.74 21.85-7.88 32.35-7.88 26.51 0 41.49 17.89 67.65 17.89Zm100 53v-8.44c-9.53-4.89-21.83-8.23-32.35-8.23-26 0-41 17.89-67.66 17.89S58.31 63 32.35 63C21.83 63 9.52 66.34 0 71.23v8.45c9.72-4.75 21.85-7.89 32.35-7.89 26.49 0 41.5 17.89 67.64 17.89s41.15-17.89 67.65-17.89c10.51 0 22.64 3.14 32.36 7.89Zm-100-22c26.15 0 41.14-17.88 67.65-17.88 10.5 0 22.63 3.14 32.35 7.88v-8.43c-9.53-4.89-21.83-8.24-32.35-8.24-26 0-41 17.9-67.65 17.9S58.31 31 32.35 31C21.83 31 9.52 34.35 0 39.24v8.45c9.72-4.69 21.85-7.88 32.35-7.88 26.51 0 41.5 17.88 67.65 17.88Z\"><\/path><\/svg><\/span><span class=\"gb-headline-text\">Wyjazd Integracyjny<br>&#8211;<br>August\u00f3w &#8211; Wilno<\/span><\/h2>\n\n\n\n<p>Zapraszamy na niezapomniany wyjazd integracyjny z Augustowa do Wilna. Przygotuj si\u0119 na odkrywanie pi\u0119kna i kulturowego bogactwa obu miast oraz pe\u0142n\u0105 przyg\u00f3d podr\u00f3\u017c autokarem.<\/p>\n\n\n\n<p class=\"gb-headline gb-headline-f830cc5d\"><span class=\"gb-icon\"><svg aria-hidden=\"true\" role=\"img\" height=\"1em\" width=\"1em\" viewBox=\"0 0 448 512\" xmlns=\"http:\/\/www.w3.org\/2000\/svg\"><path fill=\"currentColor\" d=\"M400 32H48C21.49 32 0 53.49 0 80v352c0 26.51 21.49 48 48 48h352c26.51 0 48-21.49 48-48V80c0-26.51-21.49-48-48-48zm0 400H48V80h352v352zm-35.864-241.724L191.547 361.48c-4.705 4.667-12.303 4.637-16.97-.068l-90.781-91.516c-4.667-4.705-4.637-12.303.069-16.971l22.719-22.536c4.705-4.667 12.303-4.637 16.97.069l59.792 60.277 141.352-140.216c4.705-4.667 12.303-4.637 16.97.068l22.536 22.718c4.667 4.706 4.637 12.304-.068 16.971z\"><\/path><\/svg><\/span><span class=\"gb-headline-text\"><strong>Dzie\u0144 1:<\/strong><\/span><\/p>\n\n\n\n<p class=\"gb-headline gb-headline-408b3519 gb-headline-text\">Ruszenie wczesnym rankiem w kierunku Augustowa. Prze\u017cyj fascynuj\u0105cy rejs po jeziorze Necko lub Dolinie Rospudy, podziwiaj\u0105c malownicze krajobrazy. Zwiedzaj urokliwy August\u00f3w, poznaj\u0105c jego tajemnice i histori\u0119.<\/p>\n\n\n\n<p class=\"gb-headline gb-headline-74b99ee4\"><span class=\"gb-icon\"><svg aria-hidden=\"true\" role=\"img\" height=\"1em\" width=\"1em\" viewBox=\"0 0 448 512\" xmlns=\"http:\/\/www.w3.org\/2000\/svg\"><path fill=\"currentColor\" d=\"M400 32H48C21.49 32 0 53.49 0 80v352c0 26.51 21.49 48 48 48h352c26.51 0 48-21.49 48-48V80c0-26.51-21.49-48-48-48zm0 400H48V80h352v352zm-35.864-241.724L191.547 361.48c-4.705 4.667-12.303 4.637-16.97-.068l-90.781-91.516c-4.667-4.705-4.637-12.303.069-16.971l22.719-22.536c4.705-4.667 12.303-4.637 16.97.069l59.792 60.277 141.352-140.216c4.705-4.667 12.303-4.637 16.97.068l22.536 22.718c4.667 4.706 4.637 12.304-.068 16.971z\"><\/path><\/svg><\/span><span class=\"gb-headline-text\"><strong>Dzie\u0144 2:<\/strong><\/span><\/p>\n\n\n\n<p class=\"gb-headline gb-headline-1ea97e6c gb-headline-text\">Po smacznym \u015bniadaniu wyrusz do uroczego Wilna, gdzie spotkasz si\u0119 z licencjonowanym przewodnikiem. Przejrzyj wspania\u0142e miejsca, takie jak Ostra Brama, Dom Mickiewicza, Uniwersytet, cmentarz na Rosie i G\u00f3ra Trzech Krzy\u017cy. Wybierz si\u0119 r\u00f3wnie\u017c do Trok, aby podziwia\u0107 Zamek Ksi\u0119cia Witolda. Powr\u00f3t do Augustowa.<\/p>\n\n\n\n<p class=\"gb-headline gb-headline-d5be4315\"><span class=\"gb-icon\"><svg aria-hidden=\"true\" role=\"img\" height=\"1em\" width=\"1em\" viewBox=\"0 0 448 512\" xmlns=\"http:\/\/www.w3.org\/2000\/svg\"><path fill=\"currentColor\" d=\"M400 32H48C21.49 32 0 53.49 0 80v352c0 26.51 21.49 48 48 48h352c26.51 0 48-21.49 48-48V80c0-26.51-21.49-48-48-48zm0 400H48V80h352v352zm-35.864-241.724L191.547 361.48c-4.705 4.667-12.303 4.637-16.97-.068l-90.781-91.516c-4.667-4.705-4.637-12.303.069-16.971l22.719-22.536c4.705-4.667 12.303-4.637 16.97.069l59.792 60.277 141.352-140.216c4.705-4.667 12.303-4.637 16.97.068l22.536 22.718c4.667 4.706 4.637 12.304-.068 16.971z\"><\/path><\/svg><\/span><span class=\"gb-headline-text\"><strong>Dzie\u0144 3:<\/strong><\/span><\/p>\n\n\n\n<p class=\"gb-headline gb-headline-6124ed59 gb-headline-text\">Rozpocznij dzie\u0144 od wyj\u0105tkowej wycieczki do Wigierskiego Parku Narodowego, gdzie odwiedzisz Klasztor Kamedu\u0142\u00f3w. Prze\u017cyj niezapomniane chwile w otoczeniu pi\u0119knej przyrody i spokojnej atmosfery. Powr\u00f3t do domu z pe\u0142nym baga\u017cem wspania\u0142ych wspomnie\u0144.<\/p>\n\n\n\n<h4 class=\"gb-headline gb-headline-46e57349\"><span class=\"gb-icon\"><svg data-name=\"Layer 1\" xmlns=\"http:\/\/www.w3.org\/2000\/svg\" viewBox=\"0 0 200 89.68\"><path d=\"M100 26.67c26.16 0 41.14-17.89 67.65-17.89 10.5 0 22.63 3.14 32.35 7.88V8.22C190.47 3.33 178.17 0 167.65 0c-26 0-41 17.89-67.65 17.89S58.33 0 32.35 0C21.83 0 9.52 3.33 0 8.22v8.44c9.72-4.74 21.85-7.88 32.35-7.88 26.51 0 41.49 17.89 67.65 17.89Zm100 53v-8.44c-9.53-4.89-21.83-8.23-32.35-8.23-26 0-41 17.89-67.66 17.89S58.31 63 32.35 63C21.83 63 9.52 66.34 0 71.23v8.45c9.72-4.75 21.85-7.89 32.35-7.89 26.49 0 41.5 17.89 67.64 17.89s41.15-17.89 67.65-17.89c10.51 0 22.64 3.14 32.36 7.89Zm-100-22c26.15 0 41.14-17.88 67.65-17.88 10.5 0 22.63 3.14 32.35 7.88v-8.43c-9.53-4.89-21.83-8.24-32.35-8.24-26 0-41 17.9-67.65 17.9S58.31 31 32.35 31C21.83 31 9.52 34.35 0 39.24v8.45c9.72-4.69 21.85-7.88 32.35-7.88 26.51 0 41.5 17.88 67.65 17.88Z\"><\/path><\/svg><\/span><span class=\"gb-headline-text\">Podczas wyjazdu integracyjnego zapewniamy<\/span><\/h4>\n\n\n\n<ul class=\"wp-block-list\">\n<li>Wygodny transport autokarem klasy LUX.<\/li>\n\n\n\n<li>Ubezpieczenie NNW i KL, zapewniaj\u0105ce bezpiecze\u0144stwo podczas podr\u00f3\u017cy.<\/li>\n\n\n\n<li>Zakwaterowanie w komfortowych pokojach z \u0142azienkami na 2 noce.<\/li>\n\n\n\n<li>Smaczne wy\u017cywienie: 2x obiadokolacja, 2x \u015bniadanie.<\/li>\n\n\n\n<li>Profesjonaln\u0105 obs\u0142ug\u0119 pilota, kt\u00f3ry troszczy si\u0119 o nasz\u0105 wygod\u0119 i zapewnia p\u0142ynny przebieg wycieczki.<\/li>\n\n\n\n<li>Zwiedzanie z przewodnikiem, kt\u00f3ry podzieli si\u0119 swoj\u0105 wiedz\u0105 i opowie ciekawostki na temat odwiedzanych miejsc.<\/li>\n\n\n\n<li>Bilety wst\u0119pu do atrakcji w ramach programu.<\/li>\n<\/ul>\n\n\n\n<p class=\"gb-headline gb-headline-f617f7cd gb-headline-text\"><strong>Do\u0142\u0105cz do naszej wyj\u0105tkowej wyprawy integracyjnej z Augustowa do Wilna i odkryj niezwyk\u0142e pi\u0119kno obu miejsc. Prze\u017cyj fascynuj\u0105ce rejsy, zwiedzaj z licencjonowanym przewodnikiem i ciesz si\u0119 komfortem podr\u00f3\u017cy autokarem. Zarezerwuj teraz, aby zaplanowa\u0107 swoj\u0105 niezapomnian\u0105 przygod\u0119!<\/strong><\/p>\n\n\n\n<p class=\"gb-headline gb-headline-43b4ee15 gb-headline-text\"><strong>Posiadamy wszelkie niezb\u0119dne zezwolenia m. in. wpis do rejestru organizator\u00f3w turystyki i gwarancj\u0119<br>ubezpieczeniow\u0105 organizatora turystyki.<\/strong><\/p>\n\n\n\n<figure class=\"wp-block-gallery has-nested-images columns-2 is-cropped wp-block-gallery-1 is-layout-flex wp-block-gallery-is-layout-flex\">\n<figure class=\"wp-block-image size-full\"><a href=\"https:\/\/phoenix-travel.pl\/wp-content\/uploads\/2023\/07\/Phoenix-Travel-Radomsko-Wyjazd-Integracyjny-Augustow-Wilno-scaled.jpg\"><img loading=\"lazy\" decoding=\"async\" width=\"2560\" height=\"1440\" data-id=\"3537\" src=\"https:\/\/phoenix-travel.pl\/wp-content\/uploads\/2023\/07\/Phoenix-Travel-Radomsko-Wyjazd-Integracyjny-Augustow-Wilno-scaled.jpg\" alt=\"\" class=\"wp-image-3537\" srcset=\"https:\/\/phoenix-travel.pl\/wp-content\/uploads\/2023\/07\/Phoenix-Travel-Radomsko-Wyjazd-Integracyjny-Augustow-Wilno-scaled.jpg 2560w, https:\/\/phoenix-travel.pl\/wp-content\/uploads\/2023\/07\/Phoenix-Travel-Radomsko-Wyjazd-Integracyjny-Augustow-Wilno-300x169.jpg 300w, https:\/\/phoenix-travel.pl\/wp-content\/uploads\/2023\/07\/Phoenix-Travel-Radomsko-Wyjazd-Integracyjny-Augustow-Wilno-1024x576.jpg 1024w, https:\/\/phoenix-travel.pl\/wp-content\/uploads\/2023\/07\/Phoenix-Travel-Radomsko-Wyjazd-Integracyjny-Augustow-Wilno-768x432.jpg 768w, https:\/\/phoenix-travel.pl\/wp-content\/uploads\/2023\/07\/Phoenix-Travel-Radomsko-Wyjazd-Integracyjny-Augustow-Wilno-1536x864.jpg 1536w, https:\/\/phoenix-travel.pl\/wp-content\/uploads\/2023\/07\/Phoenix-Travel-Radomsko-Wyjazd-Integracyjny-Augustow-Wilno-2048x1152.jpg 2048w\" sizes=\"auto, (max-width: 2560px) 100vw, 2560px\" \/><\/a><\/figure>\n\n\n\n<figure class=\"wp-block-image size-full\"><a href=\"https:\/\/phoenix-travel.pl\/wp-content\/uploads\/2023\/07\/Phoenix-Travel-Radomsko-Wyjazd-Integracyjny-Augustow-Wilno2-scaled.jpg\"><img loading=\"lazy\" decoding=\"async\" width=\"2560\" height=\"1709\" data-id=\"3536\" src=\"https:\/\/phoenix-travel.pl\/wp-content\/uploads\/2023\/07\/Phoenix-Travel-Radomsko-Wyjazd-Integracyjny-Augustow-Wilno2-scaled.jpg\" alt=\"\" class=\"wp-image-3536\" srcset=\"https:\/\/phoenix-travel.pl\/wp-content\/uploads\/2023\/07\/Phoenix-Travel-Radomsko-Wyjazd-Integracyjny-Augustow-Wilno2-scaled.jpg 2560w, https:\/\/phoenix-travel.pl\/wp-content\/uploads\/2023\/07\/Phoenix-Travel-Radomsko-Wyjazd-Integracyjny-Augustow-Wilno2-300x200.jpg 300w, https:\/\/phoenix-travel.pl\/wp-content\/uploads\/2023\/07\/Phoenix-Travel-Radomsko-Wyjazd-Integracyjny-Augustow-Wilno2-1024x683.jpg 1024w, https:\/\/phoenix-travel.pl\/wp-content\/uploads\/2023\/07\/Phoenix-Travel-Radomsko-Wyjazd-Integracyjny-Augustow-Wilno2-768x513.jpg 768w, https:\/\/phoenix-travel.pl\/wp-content\/uploads\/2023\/07\/Phoenix-Travel-Radomsko-Wyjazd-Integracyjny-Augustow-Wilno2-1536x1025.jpg 1536w, https:\/\/phoenix-travel.pl\/wp-content\/uploads\/2023\/07\/Phoenix-Travel-Radomsko-Wyjazd-Integracyjny-Augustow-Wilno2-2048x1367.jpg 2048w\" sizes=\"auto, (max-width: 2560px) 100vw, 2560px\" \/><\/a><\/figure>\n\n\n\n<figure class=\"wp-block-image size-full\"><a href=\"https:\/\/phoenix-travel.pl\/wp-content\/uploads\/2023\/07\/Phoenix-Travel-Radomsko-Wyjazd-Integracyjny-Augustow-Wilno3-scaled.jpg\"><img loading=\"lazy\" decoding=\"async\" width=\"2560\" height=\"1443\" data-id=\"3535\" src=\"https:\/\/phoenix-travel.pl\/wp-content\/uploads\/2023\/07\/Phoenix-Travel-Radomsko-Wyjazd-Integracyjny-Augustow-Wilno3-scaled.jpg\" alt=\"\" class=\"wp-image-3535\" srcset=\"https:\/\/phoenix-travel.pl\/wp-content\/uploads\/2023\/07\/Phoenix-Travel-Radomsko-Wyjazd-Integracyjny-Augustow-Wilno3-scaled.jpg 2560w, https:\/\/phoenix-travel.pl\/wp-content\/uploads\/2023\/07\/Phoenix-Travel-Radomsko-Wyjazd-Integracyjny-Augustow-Wilno3-300x169.jpg 300w, https:\/\/phoenix-travel.pl\/wp-content\/uploads\/2023\/07\/Phoenix-Travel-Radomsko-Wyjazd-Integracyjny-Augustow-Wilno3-1024x577.jpg 1024w, https:\/\/phoenix-travel.pl\/wp-content\/uploads\/2023\/07\/Phoenix-Travel-Radomsko-Wyjazd-Integracyjny-Augustow-Wilno3-768x433.jpg 768w, https:\/\/phoenix-travel.pl\/wp-content\/uploads\/2023\/07\/Phoenix-Travel-Radomsko-Wyjazd-Integracyjny-Augustow-Wilno3-1536x866.jpg 1536w, https:\/\/phoenix-travel.pl\/wp-content\/uploads\/2023\/07\/Phoenix-Travel-Radomsko-Wyjazd-Integracyjny-Augustow-Wilno3-2048x1154.jpg 2048w\" sizes=\"auto, (max-width: 2560px) 100vw, 2560px\" \/><\/a><\/figure>\n<\/figure>\n\n<\/div><\/div>","protected":false},"excerpt":{"rendered":"<p>Wyjazd Integracyjny&#8211;August\u00f3w &#8211; Wilno Zapraszamy na niezapomniany wyjazd integracyjny z Augustowa do Wilna. Przygotuj si\u0119 na odkrywanie pi\u0119kna i kulturowego bogactwa obu miast oraz pe\u0142n\u0105 przyg\u00f3d podr\u00f3\u017c autokarem. Dzie\u0144 1: Ruszenie wczesnym rankiem w kierunku Augustowa. Prze\u017cyj fascynuj\u0105cy rejs po jeziorze Necko lub Dolinie Rospudy, podziwiaj\u0105c malownicze krajobrazy. Zwiedzaj urokliwy August\u00f3w, poznaj\u0105c jego tajemnice i &#8230; <a title=\"Phoenix Travel Radomsko&#8211; Wyjazd Integracyjny&#8211; August\u00f3w &#8211; Wilno\" class=\"read-more\" href=\"https:\/\/phoenix-travel.pl\/?page_id=3534\" aria-label=\"Dowiedz si\u0119 wi\u0119cej o Phoenix Travel Radomsko&#8211; Wyjazd Integracyjny&#8211; August\u00f3w &#8211; Wilno\">Czytaj dalej<\/a><\/p>\n","protected":false},"author":1,"featured_media":3535,"parent":0,"menu_order":0,"comment_status":"closed","ping_status":"closed","template":"","meta":{"inline_featured_image":false,"_sitemap_exclude":false,"_sitemap_priority":"","_sitemap_frequency":"","footnotes":""},"categories":[34,43],"tags":[31,38],"class_list":{"0":"post-3534","1":"page","2":"type-page","3":"status-publish","4":"has-post-thumbnail","6":"category-biuro-podrozy","7":"category-wyjazdy-integracyjne","8":"tag-3-dni","9":"tag-dla-grup"},"yoast_head":"<!-- This site is optimized with the Yoast SEO plugin v27.4 - https:\/\/yoast.com\/product\/yoast-seo-wordpress\/ -->\n<title>Phoenix Travel Radomsko- Wyjazd Integracyjny- August\u00f3w - Wilno<\/title>\n<meta name=\"description\" content=\"Odkryj niezwyk\u0142\u0105 przygod\u0119 podczas wyjazdu integracyjnego August\u00f3w - Wilno. Zwiedzaj, relaksuj si\u0119 i tw\u00f3rz niezapomniane wspomnienia.\" \/>\n<meta name=\"robots\" content=\"index, follow, max-snippet:-1, max-image-preview:large, max-video-preview:-1\" \/>\n<link rel=\"canonical\" href=\"https:\/\/phoenix-travel.pl\/?page_id=3534\" \/>\n<meta property=\"og:locale\" content=\"pl_PL\" \/>\n<meta property=\"og:type\" content=\"article\" \/>\n<meta property=\"og:title\" content=\"Phoenix Travel Radomsko- Wyjazd Integracyjny- August\u00f3w - Wilno\" \/>\n<meta property=\"og:description\" content=\"Odkryj niezwyk\u0142\u0105 przygod\u0119 podczas wyjazdu integracyjnego August\u00f3w - Wilno. Zwiedzaj, relaksuj si\u0119 i tw\u00f3rz niezapomniane wspomnienia.\" \/>\n<meta property=\"og:url\" content=\"https:\/\/phoenix-travel.pl\/?page_id=3534\" \/>\n<meta property=\"og:site_name\" content=\"Phoenix Travel\" \/>\n<meta property=\"article:publisher\" content=\"https:\/\/www.facebook.com\/phoenixtravelpl\" \/>\n<meta property=\"article:modified_time\" content=\"2023-07-10T22:15:04+00:00\" \/>\n<meta property=\"og:image\" content=\"https:\/\/phoenix-travel.pl\/wp-content\/uploads\/2023\/07\/Phoenix-Travel-Radomsko-Wyjazd-Integracyjny-Augustow-Wilno3-scaled.jpg\" \/>\n\t<meta property=\"og:image:width\" content=\"2560\" \/>\n\t<meta property=\"og:image:height\" content=\"1443\" \/>\n\t<meta property=\"og:image:type\" content=\"image\/jpeg\" \/>\n<meta name=\"twitter:card\" content=\"summary_large_image\" \/>\n<meta name=\"twitter:label1\" content=\"Szacowany czas czytania\" \/>\n\t<meta name=\"twitter:data1\" content=\"3 minuty\" \/>\n<script type=\"application\/ld+json\" class=\"yoast-schema-graph\">{\"@context\":\"https:\\\/\\\/schema.org\",\"@graph\":[{\"@type\":\"WebPage\",\"@id\":\"https:\\\/\\\/phoenix-travel.pl\\\/?page_id=3534\",\"url\":\"https:\\\/\\\/phoenix-travel.pl\\\/?page_id=3534\",\"name\":\"Phoenix Travel Radomsko- Wyjazd Integracyjny- August\u00f3w - Wilno\",\"isPartOf\":{\"@id\":\"https:\\\/\\\/phoenix-travel.pl\\\/#website\"},\"primaryImageOfPage\":{\"@id\":\"https:\\\/\\\/phoenix-travel.pl\\\/?page_id=3534#primaryimage\"},\"image\":{\"@id\":\"https:\\\/\\\/phoenix-travel.pl\\\/?page_id=3534#primaryimage\"},\"thumbnailUrl\":\"https:\\\/\\\/phoenix-travel.pl\\\/wp-content\\\/uploads\\\/2023\\\/07\\\/Phoenix-Travel-Radomsko-Wyjazd-Integracyjny-Augustow-Wilno3-scaled.jpg\",\"datePublished\":\"2023-07-10T21:55:34+00:00\",\"dateModified\":\"2023-07-10T22:15:04+00:00\",\"description\":\"Odkryj niezwyk\u0142\u0105 przygod\u0119 podczas wyjazdu integracyjnego August\u00f3w - Wilno. Zwiedzaj, relaksuj si\u0119 i tw\u00f3rz niezapomniane wspomnienia.\",\"breadcrumb\":{\"@id\":\"https:\\\/\\\/phoenix-travel.pl\\\/?page_id=3534#breadcrumb\"},\"inLanguage\":\"pl-PL\",\"potentialAction\":[{\"@type\":\"ReadAction\",\"target\":[\"https:\\\/\\\/phoenix-travel.pl\\\/?page_id=3534\"]}]},{\"@type\":\"ImageObject\",\"inLanguage\":\"pl-PL\",\"@id\":\"https:\\\/\\\/phoenix-travel.pl\\\/?page_id=3534#primaryimage\",\"url\":\"https:\\\/\\\/phoenix-travel.pl\\\/wp-content\\\/uploads\\\/2023\\\/07\\\/Phoenix-Travel-Radomsko-Wyjazd-Integracyjny-Augustow-Wilno3-scaled.jpg\",\"contentUrl\":\"https:\\\/\\\/phoenix-travel.pl\\\/wp-content\\\/uploads\\\/2023\\\/07\\\/Phoenix-Travel-Radomsko-Wyjazd-Integracyjny-Augustow-Wilno3-scaled.jpg\",\"width\":2560,\"height\":1443},{\"@type\":\"BreadcrumbList\",\"@id\":\"https:\\\/\\\/phoenix-travel.pl\\\/?page_id=3534#breadcrumb\",\"itemListElement\":[{\"@type\":\"ListItem\",\"position\":1,\"name\":\"Strona g\u0142\u00f3wna\",\"item\":\"https:\\\/\\\/phoenix-travel.pl\\\/\"},{\"@type\":\"ListItem\",\"position\":2,\"name\":\"Phoenix Travel Radomsko&#8211; Wyjazd Integracyjny&#8211; August\u00f3w &#8211; Wilno\"}]},{\"@type\":\"WebSite\",\"@id\":\"https:\\\/\\\/phoenix-travel.pl\\\/#website\",\"url\":\"https:\\\/\\\/phoenix-travel.pl\\\/\",\"name\":\"Phoenix Travel\",\"description\":\"Biuro Podr\u00f3\u017cy\\\/ Wynajem autokar\u00f3w\\\/ Przew\u00f3z os\u00f3b\",\"publisher\":{\"@id\":\"https:\\\/\\\/phoenix-travel.pl\\\/#organization\"},\"potentialAction\":[{\"@type\":\"SearchAction\",\"target\":{\"@type\":\"EntryPoint\",\"urlTemplate\":\"https:\\\/\\\/phoenix-travel.pl\\\/?s={search_term_string}\"},\"query-input\":{\"@type\":\"PropertyValueSpecification\",\"valueRequired\":true,\"valueName\":\"search_term_string\"}}],\"inLanguage\":\"pl-PL\"},{\"@type\":\"Organization\",\"@id\":\"https:\\\/\\\/phoenix-travel.pl\\\/#organization\",\"name\":\"Phoenix Travel Radomsko\",\"url\":\"https:\\\/\\\/phoenix-travel.pl\\\/\",\"logo\":{\"@type\":\"ImageObject\",\"inLanguage\":\"pl-PL\",\"@id\":\"https:\\\/\\\/phoenix-travel.pl\\\/#\\\/schema\\\/logo\\\/image\\\/\",\"url\":\"https:\\\/\\\/phoenix-travel.pl\\\/wp-content\\\/uploads\\\/2023\\\/02\\\/Phoenix-Travel-Logo-Pionowo-Czarne.jpg\",\"contentUrl\":\"https:\\\/\\\/phoenix-travel.pl\\\/wp-content\\\/uploads\\\/2023\\\/02\\\/Phoenix-Travel-Logo-Pionowo-Czarne.jpg\",\"width\":1563,\"height\":1563,\"caption\":\"Phoenix Travel Radomsko\"},\"image\":{\"@id\":\"https:\\\/\\\/phoenix-travel.pl\\\/#\\\/schema\\\/logo\\\/image\\\/\"},\"sameAs\":[\"https:\\\/\\\/www.facebook.com\\\/phoenixtravelpl\"]}]}<\/script>\n<!-- \/ Yoast SEO plugin. -->","yoast_head_json":{"title":"Phoenix Travel Radomsko- Wyjazd Integracyjny- August\u00f3w - Wilno","description":"Odkryj niezwyk\u0142\u0105 przygod\u0119 podczas wyjazdu integracyjnego August\u00f3w - Wilno. Zwiedzaj, relaksuj si\u0119 i tw\u00f3rz niezapomniane wspomnienia.","robots":{"index":"index","follow":"follow","max-snippet":"max-snippet:-1","max-image-preview":"max-image-preview:large","max-video-preview":"max-video-preview:-1"},"canonical":"https:\/\/phoenix-travel.pl\/?page_id=3534","og_locale":"pl_PL","og_type":"article","og_title":"Phoenix Travel Radomsko- Wyjazd Integracyjny- August\u00f3w - Wilno","og_description":"Odkryj niezwyk\u0142\u0105 przygod\u0119 podczas wyjazdu integracyjnego August\u00f3w - Wilno. Zwiedzaj, relaksuj si\u0119 i tw\u00f3rz niezapomniane wspomnienia.","og_url":"https:\/\/phoenix-travel.pl\/?page_id=3534","og_site_name":"Phoenix Travel","article_publisher":"https:\/\/www.facebook.com\/phoenixtravelpl","article_modified_time":"2023-07-10T22:15:04+00:00","og_image":[{"width":2560,"height":1443,"url":"https:\/\/phoenix-travel.pl\/wp-content\/uploads\/2023\/07\/Phoenix-Travel-Radomsko-Wyjazd-Integracyjny-Augustow-Wilno3-scaled.jpg","type":"image\/jpeg"}],"twitter_card":"summary_large_image","twitter_misc":{"Szacowany czas czytania":"3 minuty"},"schema":{"@context":"https:\/\/schema.org","@graph":[{"@type":"WebPage","@id":"https:\/\/phoenix-travel.pl\/?page_id=3534","url":"https:\/\/phoenix-travel.pl\/?page_id=3534","name":"Phoenix Travel Radomsko- Wyjazd Integracyjny- August\u00f3w - Wilno","isPartOf":{"@id":"https:\/\/phoenix-travel.pl\/#website"},"primaryImageOfPage":{"@id":"https:\/\/phoenix-travel.pl\/?page_id=3534#primaryimage"},"image":{"@id":"https:\/\/phoenix-travel.pl\/?page_id=3534#primaryimage"},"thumbnailUrl":"https:\/\/phoenix-travel.pl\/wp-content\/uploads\/2023\/07\/Phoenix-Travel-Radomsko-Wyjazd-Integracyjny-Augustow-Wilno3-scaled.jpg","datePublished":"2023-07-10T21:55:34+00:00","dateModified":"2023-07-10T22:15:04+00:00","description":"Odkryj niezwyk\u0142\u0105 przygod\u0119 podczas wyjazdu integracyjnego August\u00f3w - Wilno. Zwiedzaj, relaksuj si\u0119 i tw\u00f3rz niezapomniane wspomnienia.","breadcrumb":{"@id":"https:\/\/phoenix-travel.pl\/?page_id=3534#breadcrumb"},"inLanguage":"pl-PL","potentialAction":[{"@type":"ReadAction","target":["https:\/\/phoenix-travel.pl\/?page_id=3534"]}]},{"@type":"ImageObject","inLanguage":"pl-PL","@id":"https:\/\/phoenix-travel.pl\/?page_id=3534#primaryimage","url":"https:\/\/phoenix-travel.pl\/wp-content\/uploads\/2023\/07\/Phoenix-Travel-Radomsko-Wyjazd-Integracyjny-Augustow-Wilno3-scaled.jpg","contentUrl":"https:\/\/phoenix-travel.pl\/wp-content\/uploads\/2023\/07\/Phoenix-Travel-Radomsko-Wyjazd-Integracyjny-Augustow-Wilno3-scaled.jpg","width":2560,"height":1443},{"@type":"BreadcrumbList","@id":"https:\/\/phoenix-travel.pl\/?page_id=3534#breadcrumb","itemListElement":[{"@type":"ListItem","position":1,"name":"Strona g\u0142\u00f3wna","item":"https:\/\/phoenix-travel.pl\/"},{"@type":"ListItem","position":2,"name":"Phoenix Travel Radomsko&#8211; Wyjazd Integracyjny&#8211; August\u00f3w &#8211; Wilno"}]},{"@type":"WebSite","@id":"https:\/\/phoenix-travel.pl\/#website","url":"https:\/\/phoenix-travel.pl\/","name":"Phoenix Travel","description":"Biuro Podr\u00f3\u017cy\/ Wynajem autokar\u00f3w\/ Przew\u00f3z os\u00f3b","publisher":{"@id":"https:\/\/phoenix-travel.pl\/#organization"},"potentialAction":[{"@type":"SearchAction","target":{"@type":"EntryPoint","urlTemplate":"https:\/\/phoenix-travel.pl\/?s={search_term_string}"},"query-input":{"@type":"PropertyValueSpecification","valueRequired":true,"valueName":"search_term_string"}}],"inLanguage":"pl-PL"},{"@type":"Organization","@id":"https:\/\/phoenix-travel.pl\/#organization","name":"Phoenix Travel Radomsko","url":"https:\/\/phoenix-travel.pl\/","logo":{"@type":"ImageObject","inLanguage":"pl-PL","@id":"https:\/\/phoenix-travel.pl\/#\/schema\/logo\/image\/","url":"https:\/\/phoenix-travel.pl\/wp-content\/uploads\/2023\/02\/Phoenix-Travel-Logo-Pionowo-Czarne.jpg","contentUrl":"https:\/\/phoenix-travel.pl\/wp-content\/uploads\/2023\/02\/Phoenix-Travel-Logo-Pionowo-Czarne.jpg","width":1563,"height":1563,"caption":"Phoenix Travel Radomsko"},"image":{"@id":"https:\/\/phoenix-travel.pl\/#\/schema\/logo\/image\/"},"sameAs":["https:\/\/www.facebook.com\/phoenixtravelpl"]}]}},"_links":{"self":[{"href":"https:\/\/phoenix-travel.pl\/index.php?rest_route=\/wp\/v2\/pages\/3534","targetHints":{"allow":["GET"]}}],"collection":[{"href":"https:\/\/phoenix-travel.pl\/index.php?rest_route=\/wp\/v2\/pages"}],"about":[{"href":"https:\/\/phoenix-travel.pl\/index.php?rest_route=\/wp\/v2\/types\/page"}],"author":[{"embeddable":true,"href":"https:\/\/phoenix-travel.pl\/index.php?rest_route=\/wp\/v2\/users\/1"}],"replies":[{"embeddable":true,"href":"https:\/\/phoenix-travel.pl\/index.php?rest_route=%2Fwp%2Fv2%2Fcomments&post=3534"}],"version-history":[{"count":4,"href":"https:\/\/phoenix-travel.pl\/index.php?rest_route=\/wp\/v2\/pages\/3534\/revisions"}],"predecessor-version":[{"id":3552,"href":"https:\/\/phoenix-travel.pl\/index.php?rest_route=\/wp\/v2\/pages\/3534\/revisions\/3552"}],"wp:featuredmedia":[{"embeddable":true,"href":"https:\/\/phoenix-travel.pl\/index.php?rest_route=\/wp\/v2\/media\/3535"}],"wp:attachment":[{"href":"https:\/\/phoenix-travel.pl\/index.php?rest_route=%2Fwp%2Fv2%2Fmedia&parent=3534"}],"wp:term":[{"taxonomy":"category","embeddable":true,"href":"https:\/\/phoenix-travel.pl\/index.php?rest_route=%2Fwp%2Fv2%2Fcategories&post=3534"},{"taxonomy":"post_tag","embeddable":true,"href":"https:\/\/phoenix-travel.pl\/index.php?rest_route=%2Fwp%2Fv2%2Ftags&post=3534"}],"curies":[{"name":"wp","href":"https:\/\/api.w.org\/{rel}","templated":true}]}}