{"id":3414,"date":"2023-05-16T14:54:29","date_gmt":"2023-05-16T12:54:29","guid":{"rendered":"https:\/\/phoenix-travel.pl\/?page_id=3414"},"modified":"2023-05-16T15:05:31","modified_gmt":"2023-05-16T13:05:31","slug":"phoenix-travel-radomsko-dokumenty","status":"publish","type":"page","link":"https:\/\/phoenix-travel.pl\/?page_id=3414","title":{"rendered":"Phoenix Travel Radomsko\u2013Dokumenty"},"content":{"rendered":"<div class=\"gb-container gb-container-37a00443\"><div class=\"gb-inside-container\">\n\n<h2 class=\"gb-headline gb-headline-89e00bd9\"><span class=\"gb-icon\"><svg viewBox=\"0 0 200 89.68\" xmlns=\"http:\/\/www.w3.org\/2000\/svg\" data-name=\"Layer 1\"><path d=\"M100 26.67c26.16 0 41.14-17.89 67.65-17.89 10.5 0 22.63 3.14 32.35 7.88V8.22C190.47 3.33 178.17 0 167.65 0c-26 0-41 17.89-67.65 17.89S58.33 0 32.35 0C21.83 0 9.52 3.33 0 8.22v8.44c9.72-4.74 21.85-7.88 32.35-7.88 26.51 0 41.49 17.89 67.65 17.89Zm100 53v-8.44c-9.53-4.89-21.83-8.23-32.35-8.23-26 0-41 17.89-67.66 17.89S58.31 63 32.35 63C21.83 63 9.52 66.34 0 71.23v8.45c9.72-4.75 21.85-7.89 32.35-7.89 26.49 0 41.5 17.89 67.64 17.89s41.15-17.89 67.65-17.89c10.51 0 22.64 3.14 32.36 7.89Zm-100-22c26.15 0 41.14-17.88 67.65-17.88 10.5 0 22.63 3.14 32.35 7.88v-8.43c-9.53-4.89-21.83-8.24-32.35-8.24-26 0-41 17.9-67.65 17.9S58.31 31 32.35 31C21.83 31 9.52 34.35 0 39.24v8.45c9.72-4.69 21.85-7.88 32.35-7.88 26.51 0 41.5 17.88 67.65 17.88Z\"><\/path><\/svg><\/span><span class=\"gb-headline-text\">Witamy na stronie z dokumentami i certyfikatami do pobrania!<\/span><\/h2>\n\n\n\n<p class=\"gb-headline gb-headline-07508150 gb-headline-text\">Jeste\u015bmy dumni z naszych osi\u0105gni\u0119\u0107 i chcemy podzieli\u0107 si\u0119 nimi z Tob\u0105. Tutaj znajdziesz wszystkie wa\u017cne dokumenty i certyfikaty zwi\u0105zane z nasz\u0105 dzia\u0142alno\u015bci\u0105. Zapewniamy pe\u0142n\u0105 przejrzysto\u015b\u0107 i dost\u0119pno\u015b\u0107 naszych dokument\u00f3w, aby\u015b m\u00f3g\u0142 zapozna\u0107 si\u0119 z naszymi zobowi\u0105zaniami, jako\u015bci\u0105 us\u0142ug i naszym profesjonalizmem.<\/p>\n\n\n\n<p>W\u015br\u00f3d udost\u0119pnionych dokument\u00f3w znajdziesz:<\/p>\n\n\n\n<ul class=\"wp-block-list\">\n<li>Certyfikaty jako\u015bci: potwierdzaj\u0105ce nasze zobowi\u0105zanie do najwy\u017cszych standard\u00f3w w obszarze us\u0142ug turystycznych.<\/li>\n\n\n\n<li>Licencje i zezwolenia: potwierdzaj\u0105ce nasz\u0105 legalno\u015b\u0107 i zgodno\u015b\u0107 z przepisami dotycz\u0105cymi biur podr\u00f3\u017cy.<\/li>\n\n\n\n<li>Polityki i regulaminy: zawieraj\u0105ce nasze zasady, procedury i warunki, kt\u00f3re obowi\u0105zuj\u0105 w naszej dzia\u0142alno\u015bci.<\/li>\n\n\n\n<li>Umowy: dokumentuj\u0105ce nasze zobowi\u0105zania wobec klient\u00f3w, partner\u00f3w i dostawc\u00f3w.<\/li>\n<\/ul>\n\n\n\n<p class=\"gb-headline gb-headline-a3f2773e gb-headline-text\">Zapewniamy, \u017ce wszystkie dokumenty s\u0105 aktualne i regularnie aktualizowane, aby odzwierciedla\u0107 nasze obowi\u0105zuj\u0105ce standardy i przepisy. Jeste\u015bmy transparentni i otwarci na wszelkie pytania dotycz\u0105ce naszych dokument\u00f3w.<\/p>\n\n\n\n<p class=\"gb-headline gb-headline-1ea97e6c gb-headline-text\">Aby pobra\u0107 dokumenty, wystarczy klikn\u0105\u0107 na odpowiednie linki i zapisywa\u0107 pliki na swoim urz\u0105dzeniu. Je\u015bli masz jakiekolwiek pytania lub potrzebujesz dodatkowych informacji, skontaktuj si\u0119 z naszym zespo\u0142em obs\u0142ugi klienta. Jeste\u015bmy tutaj, aby Ci pom\u00f3c!<\/p>\n\n\n\n<p class=\"gb-headline gb-headline-46e57349 gb-headline-text\">Dzi\u0119kujemy za zaufanie i zainteresowanie naszymi dokumentami. Zapraszamy do zapoznania si\u0119 z nasz\u0105 pe\u0142n\u0105 ofert\u0105 i do\u0142\u0105czenia do naszej podr\u00f3\u017cy pe\u0142nej wyj\u0105tkowych do\u015bwiadcze\u0144.<\/p>\n\n\n\n<p class=\"gb-headline gb-headline-f617f7cd gb-headline-text\"><strong>Posiadamy wszelkie niezb\u0119dne zezwolenia m. in. wpis do rejestru organizator\u00f3w turystyki i gwarancj\u0119<br>ubezpieczeniow\u0105 organizatora turystyki.<\/strong><\/p>\n\n\n\n<p class=\"gb-headline gb-headline-0dcb1d86 gb-headline-text\"><strong><a href=\"\/?page_id=167\">Kliknij tutaj<\/a> i skontaktuj si\u0119 z nami!<\/strong><\/p>\n\n<\/div><\/div>\n\n\n<div style=\"height:100px\" aria-hidden=\"true\" class=\"wp-block-spacer\"><\/div>\n\n\n<div class=\"gb-container gb-container-3a82455d\">\n\n<div class=\"wp-block-file download-box\"><a id=\"wp-block-file--media-10df7c0b-5e9c-4cd1-a7fc-07cae8c3308e\" href=\"https:\/\/phoenix-travel.pl\/wp-content\/uploads\/2023\/05\/Certyfikat-Europa.bmp\" target=\"_blank\" rel=\"noreferrer noopener\"><strong>Europa Ubezpieczenia- Certyfikat<\/strong><\/a><a href=\"https:\/\/phoenix-travel.pl\/wp-content\/uploads\/2023\/05\/Certyfikat-Europa.bmp\" class=\"wp-block-file__button wp-element-button\" download aria-describedby=\"wp-block-file--media-10df7c0b-5e9c-4cd1-a7fc-07cae8c3308e\">Pobierz<\/a><\/div>\n\n\n\n<div class=\"wp-block-file download-box\"><a id=\"wp-block-file--media-a1abb996-4d25-43fd-8e52-152e8e7895a0\" href=\"https:\/\/phoenix-travel.pl\/?attachment_id=3426\" target=\"_blank\" rel=\"noreferrer noopener\"><strong>Potwierdzenie wpisu organizator\u00f3w turystyki<\/strong><\/a><a href=\"https:\/\/phoenix-travel.pl\/wp-content\/uploads\/2023\/05\/potwierdzenie-wpisu-organizatorow-turystyki-1.pdf\" class=\"wp-block-file__button wp-element-button\" download aria-describedby=\"wp-block-file--media-a1abb996-4d25-43fd-8e52-152e8e7895a0\">Pobierz<\/a><\/div>\n\n<\/div>","protected":false},"excerpt":{"rendered":"<p>Witamy na stronie z dokumentami i certyfikatami do pobrania! Jeste\u015bmy dumni z naszych osi\u0105gni\u0119\u0107 i chcemy podzieli\u0107 si\u0119 nimi z Tob\u0105. Tutaj znajdziesz wszystkie wa\u017cne dokumenty i certyfikaty zwi\u0105zane z nasz\u0105 dzia\u0142alno\u015bci\u0105. Zapewniamy pe\u0142n\u0105 przejrzysto\u015b\u0107 i dost\u0119pno\u015b\u0107 naszych dokument\u00f3w, aby\u015b m\u00f3g\u0142 zapozna\u0107 si\u0119 z naszymi zobowi\u0105zaniami, jako\u015bci\u0105 us\u0142ug i naszym profesjonalizmem. W\u015br\u00f3d udost\u0119pnionych dokument\u00f3w znajdziesz: &#8230; <a title=\"Phoenix Travel Radomsko\u2013Dokumenty\" class=\"read-more\" href=\"https:\/\/phoenix-travel.pl\/?page_id=3414\" aria-label=\"Dowiedz si\u0119 wi\u0119cej o Phoenix Travel Radomsko\u2013Dokumenty\">Czytaj dalej<\/a><\/p>\n","protected":false},"author":1,"featured_media":3311,"parent":0,"menu_order":0,"comment_status":"closed","ping_status":"closed","template":"","meta":{"inline_featured_image":false,"_sitemap_exclude":false,"_sitemap_priority":"","_sitemap_frequency":"","footnotes":""},"categories":[],"tags":[],"class_list":["post-3414","page","type-page","status-publish","has-post-thumbnail"],"yoast_head":"<!-- This site is optimized with the Yoast SEO plugin v27.4 - https:\/\/yoast.com\/product\/yoast-seo-wordpress\/ -->\n<title>Phoenix Travel Radomsko\u2013Dokumenty<\/title>\n<meta name=\"description\" content=\"Znajd\u017a wszystkie dokumenty i certyfikaty do pobrania zwi\u0105zane z nasz\u0105 dzia\u0142alno\u015bci\u0105. Zapewniamy przejrzysto\u015b\u0107 i profesjonalizm.\" \/>\n<meta name=\"robots\" content=\"index, follow, max-snippet:-1, max-image-preview:large, max-video-preview:-1\" \/>\n<link rel=\"canonical\" href=\"https:\/\/phoenix-travel.pl\/?page_id=3414\" \/>\n<meta property=\"og:locale\" content=\"pl_PL\" \/>\n<meta property=\"og:type\" content=\"article\" \/>\n<meta property=\"og:title\" content=\"Phoenix Travel Radomsko\u2013Dokumenty\" \/>\n<meta property=\"og:description\" content=\"Znajd\u017a wszystkie dokumenty i certyfikaty do pobrania zwi\u0105zane z nasz\u0105 dzia\u0142alno\u015bci\u0105. Zapewniamy przejrzysto\u015b\u0107 i profesjonalizm.\" \/>\n<meta property=\"og:url\" content=\"https:\/\/phoenix-travel.pl\/?page_id=3414\" \/>\n<meta property=\"og:site_name\" content=\"Phoenix Travel\" \/>\n<meta property=\"article:publisher\" content=\"https:\/\/www.facebook.com\/phoenixtravelpl\" \/>\n<meta property=\"article:modified_time\" content=\"2023-05-16T13:05:31+00:00\" \/>\n<meta property=\"og:image\" content=\"https:\/\/phoenix-travel.pl\/wp-content\/uploads\/2023\/05\/Phoenix-Travel-Logo-Pionowo-Czarne.png\" \/>\n\t<meta property=\"og:image:width\" content=\"1563\" \/>\n\t<meta property=\"og:image:height\" content=\"1563\" \/>\n\t<meta property=\"og:image:type\" content=\"image\/png\" \/>\n<meta name=\"twitter:card\" content=\"summary_large_image\" \/>\n<meta name=\"twitter:label1\" content=\"Szacowany czas czytania\" \/>\n\t<meta name=\"twitter:data1\" content=\"2 minuty\" \/>\n<script type=\"application\/ld+json\" class=\"yoast-schema-graph\">{\"@context\":\"https:\\\/\\\/schema.org\",\"@graph\":[{\"@type\":\"WebPage\",\"@id\":\"https:\\\/\\\/phoenix-travel.pl\\\/?page_id=3414\",\"url\":\"https:\\\/\\\/phoenix-travel.pl\\\/?page_id=3414\",\"name\":\"Phoenix Travel Radomsko\u2013Dokumenty\",\"isPartOf\":{\"@id\":\"https:\\\/\\\/phoenix-travel.pl\\\/#website\"},\"primaryImageOfPage\":{\"@id\":\"https:\\\/\\\/phoenix-travel.pl\\\/?page_id=3414#primaryimage\"},\"image\":{\"@id\":\"https:\\\/\\\/phoenix-travel.pl\\\/?page_id=3414#primaryimage\"},\"thumbnailUrl\":\"https:\\\/\\\/phoenix-travel.pl\\\/wp-content\\\/uploads\\\/2023\\\/05\\\/Phoenix-Travel-Logo-Pionowo-Czarne.png\",\"datePublished\":\"2023-05-16T12:54:29+00:00\",\"dateModified\":\"2023-05-16T13:05:31+00:00\",\"description\":\"Znajd\u017a wszystkie dokumenty i certyfikaty do pobrania zwi\u0105zane z nasz\u0105 dzia\u0142alno\u015bci\u0105. Zapewniamy przejrzysto\u015b\u0107 i profesjonalizm.\",\"breadcrumb\":{\"@id\":\"https:\\\/\\\/phoenix-travel.pl\\\/?page_id=3414#breadcrumb\"},\"inLanguage\":\"pl-PL\",\"potentialAction\":[{\"@type\":\"ReadAction\",\"target\":[\"https:\\\/\\\/phoenix-travel.pl\\\/?page_id=3414\"]}]},{\"@type\":\"ImageObject\",\"inLanguage\":\"pl-PL\",\"@id\":\"https:\\\/\\\/phoenix-travel.pl\\\/?page_id=3414#primaryimage\",\"url\":\"https:\\\/\\\/phoenix-travel.pl\\\/wp-content\\\/uploads\\\/2023\\\/05\\\/Phoenix-Travel-Logo-Pionowo-Czarne.png\",\"contentUrl\":\"https:\\\/\\\/phoenix-travel.pl\\\/wp-content\\\/uploads\\\/2023\\\/05\\\/Phoenix-Travel-Logo-Pionowo-Czarne.png\",\"width\":1563,\"height\":1563},{\"@type\":\"BreadcrumbList\",\"@id\":\"https:\\\/\\\/phoenix-travel.pl\\\/?page_id=3414#breadcrumb\",\"itemListElement\":[{\"@type\":\"ListItem\",\"position\":1,\"name\":\"Strona g\u0142\u00f3wna\",\"item\":\"https:\\\/\\\/phoenix-travel.pl\\\/\"},{\"@type\":\"ListItem\",\"position\":2,\"name\":\"Phoenix Travel Radomsko\u2013Dokumenty\"}]},{\"@type\":\"WebSite\",\"@id\":\"https:\\\/\\\/phoenix-travel.pl\\\/#website\",\"url\":\"https:\\\/\\\/phoenix-travel.pl\\\/\",\"name\":\"Phoenix Travel\",\"description\":\"Biuro Podr\u00f3\u017cy\\\/ Wynajem autokar\u00f3w\\\/ Przew\u00f3z os\u00f3b\",\"publisher\":{\"@id\":\"https:\\\/\\\/phoenix-travel.pl\\\/#organization\"},\"potentialAction\":[{\"@type\":\"SearchAction\",\"target\":{\"@type\":\"EntryPoint\",\"urlTemplate\":\"https:\\\/\\\/phoenix-travel.pl\\\/?s={search_term_string}\"},\"query-input\":{\"@type\":\"PropertyValueSpecification\",\"valueRequired\":true,\"valueName\":\"search_term_string\"}}],\"inLanguage\":\"pl-PL\"},{\"@type\":\"Organization\",\"@id\":\"https:\\\/\\\/phoenix-travel.pl\\\/#organization\",\"name\":\"Phoenix Travel Radomsko\",\"url\":\"https:\\\/\\\/phoenix-travel.pl\\\/\",\"logo\":{\"@type\":\"ImageObject\",\"inLanguage\":\"pl-PL\",\"@id\":\"https:\\\/\\\/phoenix-travel.pl\\\/#\\\/schema\\\/logo\\\/image\\\/\",\"url\":\"https:\\\/\\\/phoenix-travel.pl\\\/wp-content\\\/uploads\\\/2023\\\/02\\\/Phoenix-Travel-Logo-Pionowo-Czarne.jpg\",\"contentUrl\":\"https:\\\/\\\/phoenix-travel.pl\\\/wp-content\\\/uploads\\\/2023\\\/02\\\/Phoenix-Travel-Logo-Pionowo-Czarne.jpg\",\"width\":1563,\"height\":1563,\"caption\":\"Phoenix Travel Radomsko\"},\"image\":{\"@id\":\"https:\\\/\\\/phoenix-travel.pl\\\/#\\\/schema\\\/logo\\\/image\\\/\"},\"sameAs\":[\"https:\\\/\\\/www.facebook.com\\\/phoenixtravelpl\"]}]}<\/script>\n<!-- \/ Yoast SEO plugin. -->","yoast_head_json":{"title":"Phoenix Travel Radomsko\u2013Dokumenty","description":"Znajd\u017a wszystkie dokumenty i certyfikaty do pobrania zwi\u0105zane z nasz\u0105 dzia\u0142alno\u015bci\u0105. Zapewniamy przejrzysto\u015b\u0107 i profesjonalizm.","robots":{"index":"index","follow":"follow","max-snippet":"max-snippet:-1","max-image-preview":"max-image-preview:large","max-video-preview":"max-video-preview:-1"},"canonical":"https:\/\/phoenix-travel.pl\/?page_id=3414","og_locale":"pl_PL","og_type":"article","og_title":"Phoenix Travel Radomsko\u2013Dokumenty","og_description":"Znajd\u017a wszystkie dokumenty i certyfikaty do pobrania zwi\u0105zane z nasz\u0105 dzia\u0142alno\u015bci\u0105. Zapewniamy przejrzysto\u015b\u0107 i profesjonalizm.","og_url":"https:\/\/phoenix-travel.pl\/?page_id=3414","og_site_name":"Phoenix Travel","article_publisher":"https:\/\/www.facebook.com\/phoenixtravelpl","article_modified_time":"2023-05-16T13:05:31+00:00","og_image":[{"width":1563,"height":1563,"url":"https:\/\/phoenix-travel.pl\/wp-content\/uploads\/2023\/05\/Phoenix-Travel-Logo-Pionowo-Czarne.png","type":"image\/png"}],"twitter_card":"summary_large_image","twitter_misc":{"Szacowany czas czytania":"2 minuty"},"schema":{"@context":"https:\/\/schema.org","@graph":[{"@type":"WebPage","@id":"https:\/\/phoenix-travel.pl\/?page_id=3414","url":"https:\/\/phoenix-travel.pl\/?page_id=3414","name":"Phoenix Travel Radomsko\u2013Dokumenty","isPartOf":{"@id":"https:\/\/phoenix-travel.pl\/#website"},"primaryImageOfPage":{"@id":"https:\/\/phoenix-travel.pl\/?page_id=3414#primaryimage"},"image":{"@id":"https:\/\/phoenix-travel.pl\/?page_id=3414#primaryimage"},"thumbnailUrl":"https:\/\/phoenix-travel.pl\/wp-content\/uploads\/2023\/05\/Phoenix-Travel-Logo-Pionowo-Czarne.png","datePublished":"2023-05-16T12:54:29+00:00","dateModified":"2023-05-16T13:05:31+00:00","description":"Znajd\u017a wszystkie dokumenty i certyfikaty do pobrania zwi\u0105zane z nasz\u0105 dzia\u0142alno\u015bci\u0105. Zapewniamy przejrzysto\u015b\u0107 i profesjonalizm.","breadcrumb":{"@id":"https:\/\/phoenix-travel.pl\/?page_id=3414#breadcrumb"},"inLanguage":"pl-PL","potentialAction":[{"@type":"ReadAction","target":["https:\/\/phoenix-travel.pl\/?page_id=3414"]}]},{"@type":"ImageObject","inLanguage":"pl-PL","@id":"https:\/\/phoenix-travel.pl\/?page_id=3414#primaryimage","url":"https:\/\/phoenix-travel.pl\/wp-content\/uploads\/2023\/05\/Phoenix-Travel-Logo-Pionowo-Czarne.png","contentUrl":"https:\/\/phoenix-travel.pl\/wp-content\/uploads\/2023\/05\/Phoenix-Travel-Logo-Pionowo-Czarne.png","width":1563,"height":1563},{"@type":"BreadcrumbList","@id":"https:\/\/phoenix-travel.pl\/?page_id=3414#breadcrumb","itemListElement":[{"@type":"ListItem","position":1,"name":"Strona g\u0142\u00f3wna","item":"https:\/\/phoenix-travel.pl\/"},{"@type":"ListItem","position":2,"name":"Phoenix Travel Radomsko\u2013Dokumenty"}]},{"@type":"WebSite","@id":"https:\/\/phoenix-travel.pl\/#website","url":"https:\/\/phoenix-travel.pl\/","name":"Phoenix Travel","description":"Biuro Podr\u00f3\u017cy\/ Wynajem autokar\u00f3w\/ Przew\u00f3z os\u00f3b","publisher":{"@id":"https:\/\/phoenix-travel.pl\/#organization"},"potentialAction":[{"@type":"SearchAction","target":{"@type":"EntryPoint","urlTemplate":"https:\/\/phoenix-travel.pl\/?s={search_term_string}"},"query-input":{"@type":"PropertyValueSpecification","valueRequired":true,"valueName":"search_term_string"}}],"inLanguage":"pl-PL"},{"@type":"Organization","@id":"https:\/\/phoenix-travel.pl\/#organization","name":"Phoenix Travel Radomsko","url":"https:\/\/phoenix-travel.pl\/","logo":{"@type":"ImageObject","inLanguage":"pl-PL","@id":"https:\/\/phoenix-travel.pl\/#\/schema\/logo\/image\/","url":"https:\/\/phoenix-travel.pl\/wp-content\/uploads\/2023\/02\/Phoenix-Travel-Logo-Pionowo-Czarne.jpg","contentUrl":"https:\/\/phoenix-travel.pl\/wp-content\/uploads\/2023\/02\/Phoenix-Travel-Logo-Pionowo-Czarne.jpg","width":1563,"height":1563,"caption":"Phoenix Travel Radomsko"},"image":{"@id":"https:\/\/phoenix-travel.pl\/#\/schema\/logo\/image\/"},"sameAs":["https:\/\/www.facebook.com\/phoenixtravelpl"]}]}},"_links":{"self":[{"href":"https:\/\/phoenix-travel.pl\/index.php?rest_route=\/wp\/v2\/pages\/3414","targetHints":{"allow":["GET"]}}],"collection":[{"href":"https:\/\/phoenix-travel.pl\/index.php?rest_route=\/wp\/v2\/pages"}],"about":[{"href":"https:\/\/phoenix-travel.pl\/index.php?rest_route=\/wp\/v2\/types\/page"}],"author":[{"embeddable":true,"href":"https:\/\/phoenix-travel.pl\/index.php?rest_route=\/wp\/v2\/users\/1"}],"replies":[{"embeddable":true,"href":"https:\/\/phoenix-travel.pl\/index.php?rest_route=%2Fwp%2Fv2%2Fcomments&post=3414"}],"version-history":[{"count":13,"href":"https:\/\/phoenix-travel.pl\/index.php?rest_route=\/wp\/v2\/pages\/3414\/revisions"}],"predecessor-version":[{"id":3439,"href":"https:\/\/phoenix-travel.pl\/index.php?rest_route=\/wp\/v2\/pages\/3414\/revisions\/3439"}],"wp:featuredmedia":[{"embeddable":true,"href":"https:\/\/phoenix-travel.pl\/index.php?rest_route=\/wp\/v2\/media\/3311"}],"wp:attachment":[{"href":"https:\/\/phoenix-travel.pl\/index.php?rest_route=%2Fwp%2Fv2%2Fmedia&parent=3414"}],"wp:term":[{"taxonomy":"category","embeddable":true,"href":"https:\/\/phoenix-travel.pl\/index.php?rest_route=%2Fwp%2Fv2%2Fcategories&post=3414"},{"taxonomy":"post_tag","embeddable":true,"href":"https:\/\/phoenix-travel.pl\/index.php?rest_route=%2Fwp%2Fv2%2Ftags&post=3414"}],"curies":[{"name":"wp","href":"https:\/\/api.w.org\/{rel}","templated":true}]}}