{"id":3382,"date":"2023-05-15T23:07:54","date_gmt":"2023-05-15T21:07:54","guid":{"rendered":"https:\/\/phoenix-travel.pl\/?page_id=3382"},"modified":"2023-07-11T00:12:48","modified_gmt":"2023-07-10T22:12:48","slug":"phoenix-travel-radomsko-wyjazdy-integracyjne","status":"publish","type":"page","link":"https:\/\/phoenix-travel.pl\/?page_id=3382","title":{"rendered":"Phoenix Travel Radomsko<br>\u2013<br> Wyjazdy Integracyjne"},"content":{"rendered":"<div class=\"gb-container gb-container-37a00443\"><div class=\"gb-inside-container\">\n\n<h2 class=\"gb-headline gb-headline-89e00bd9\"><span class=\"gb-icon\"><svg viewBox=\"0 0 200 89.68\" xmlns=\"http:\/\/www.w3.org\/2000\/svg\" data-name=\"Layer 1\"><path d=\"M100 26.67c26.16 0 41.14-17.89 67.65-17.89 10.5 0 22.63 3.14 32.35 7.88V8.22C190.47 3.33 178.17 0 167.65 0c-26 0-41 17.89-67.65 17.89S58.33 0 32.35 0C21.83 0 9.52 3.33 0 8.22v8.44c9.72-4.74 21.85-7.88 32.35-7.88 26.51 0 41.49 17.89 67.65 17.89Zm100 53v-8.44c-9.53-4.89-21.83-8.23-32.35-8.23-26 0-41 17.89-67.66 17.89S58.31 63 32.35 63C21.83 63 9.52 66.34 0 71.23v8.45c9.72-4.75 21.85-7.89 32.35-7.89 26.49 0 41.5 17.89 67.64 17.89s41.15-17.89 67.65-17.89c10.51 0 22.64 3.14 32.36 7.89Zm-100-22c26.15 0 41.14-17.88 67.65-17.88 10.5 0 22.63 3.14 32.35 7.88v-8.43c-9.53-4.89-21.83-8.24-32.35-8.24-26 0-41 17.9-67.65 17.9S58.31 31 32.35 31C21.83 31 9.52 34.35 0 39.24v8.45c9.72-4.69 21.85-7.88 32.35-7.88 26.51 0 41.5 17.88 67.65 17.88Z\"><\/path><\/svg><\/span><span class=\"gb-headline-text\">Wyjazdy integracyjne<br>&#8211; <br>Tw\u00f3j klucz do udanej integracji!<\/span><\/h2>\n\n\n\n<p class=\"gb-headline gb-headline-a18be656 gb-headline-text\">Jeste\u015bmy agencj\u0105 eventow\u0105, kt\u00f3ra oferuje niezapomniane wyjazdy integracyjne dla firm. Nasze us\u0142ugi s\u0105 dedykowane grupom o r\u00f3\u017cnej wielko\u015bci.  Organizujemy zabawy integracyjne dla doros\u0142ych, gry i spotkania integracyjne, kt\u00f3re przyczyniaj\u0105 si\u0119 do integracji pracownik\u00f3w i budowania silnego zespo\u0142u.<\/p>\n\n\n\n<p class=\"gb-headline gb-headline-ac3ab50b gb-headline-text\">Nasza firma eventowa zapewnia kompleksow\u0105 organizacj\u0119 imprez integracyjnych. Oferujemy szeroki wyb\u00f3r atrakcji i pomys\u0142\u00f3w na integracj\u0119 firmow\u0105, tak aby ka\u017cdy wyjazd by\u0142 unikalny i dostosowany do potrzeb Twojej organizacji. Nasz do\u015bwiadczony zesp\u00f3\u0142 zadba o profesjonalne prowadzenie wydarzenia, zapewniaj\u0105c niezapomniane chwile.<\/p>\n\n\n\n<p class=\"gb-headline gb-headline-77d6d798 gb-headline-text\">Wyjazdy integracyjne to doskona\u0142a okazja do wzmacniania relacji mi\u0119dzy pracownikami, budowania zaufania i wsp\u00f3\u0142pracy. Nasza oferta obejmuje organizacj\u0119 imprez w r\u00f3\u017cnych lokalizacjach, w tym w Warszawie i Wroc\u0142awiu, kt\u00f3re zapewniaj\u0105 doskona\u0142e warunki do integracji.<\/p>\n\n\n\n<p class=\"gb-headline gb-headline-116bf12b gb-headline-text\">Oferujemy tak\u017ce wyjazdy integracyjne plenerowe, kt\u00f3re umo\u017cliwiaj\u0105 korzystanie z atrakcji na \u015bwie\u017cym powietrzu i kreuj\u0105 niepowtarzaln\u0105 atmosfer\u0119. Nasze wyjazdy incentive s\u0105 doskona\u0142ym sposobem na nagrodzenie pracownik\u00f3w i motywacj\u0119 do osi\u0105gania lepszych wynik\u00f3w.<\/p>\n\n\n\n<p class=\"gb-headline gb-headline-2367aa19 gb-headline-text\">Zaufaj naszej agencji eventowej, jeste\u015bmy liderem w bran\u017cy, oferuj\u0105cym profesjonaln\u0105 obs\u0142ug\u0119 i kreatywne pomys\u0142y na imprezy integracyjne. Skontaktuj si\u0119 z nami ju\u017c dzi\u015b, aby rozpocz\u0105\u0107 planowanie niezapomnianego wyjazdu integracyjnego dla Twojej firmy.<\/p>\n\n\n\n<p class=\"gb-headline gb-headline-2454dccc gb-headline-text\">Zapraszamy do wsp\u00f3\u0142pracy z Phoenix Travel Radomsko &#8211; Twoim partnerem w udanych wyjazdach integracyjnych!<\/p>\n\n\n\n<p class=\"gb-headline gb-headline-b8d05a4c gb-headline-text\"><strong>Posiadamy wszelkie niezb\u0119dne zezwolenia m. in. wpis do rejestru organizator\u00f3w turystyki i gwarancj\u0119<br>ubezpieczeniow\u0105 organizatora turystyki.<\/strong><\/p>\n\n\n\n<p class=\"gb-headline gb-headline-0dcb1d86 gb-headline-text\"><strong><a href=\"\/?page_id=167\">Kliknij tutaj<\/a> i skontaktuj si\u0119 z nami!<\/strong><\/p>\n\n\n<div class=\"gb-container gb-container-7b46d6a4\">\n\n<h2 class=\"gb-headline gb-headline-770f9a4f\"><span class=\"gb-icon\"><svg viewBox=\"0 0 200 89.68\" xmlns=\"http:\/\/www.w3.org\/2000\/svg\" data-name=\"Layer 1\"><path d=\"M100 26.67c26.16 0 41.14-17.89 67.65-17.89 10.5 0 22.63 3.14 32.35 7.88V8.22C190.47 3.33 178.17 0 167.65 0c-26 0-41 17.89-67.65 17.89S58.33 0 32.35 0C21.83 0 9.52 3.33 0 8.22v8.44c9.72-4.74 21.85-7.88 32.35-7.88 26.51 0 41.49 17.89 67.65 17.89Zm100 53v-8.44c-9.53-4.89-21.83-8.23-32.35-8.23-26 0-41 17.89-67.66 17.89S58.31 63 32.35 63C21.83 63 9.52 66.34 0 71.23v8.45c9.72-4.75 21.85-7.89 32.35-7.89 26.49 0 41.5 17.89 67.64 17.89s41.15-17.89 67.65-17.89c10.51 0 22.64 3.14 32.36 7.89Zm-100-22c26.15 0 41.14-17.88 67.65-17.88 10.5 0 22.63 3.14 32.35 7.88v-8.43c-9.53-4.89-21.83-8.24-32.35-8.24-26 0-41 17.9-67.65 17.9S58.31 31 32.35 31C21.83 31 9.52 34.35 0 39.24v8.45c9.72-4.69 21.85-7.88 32.35-7.88 26.51 0 41.5 17.88 67.65 17.88Z\"><\/path><\/svg><\/span><span class=\"gb-headline-text\">Wycieczki autokarowe<br>&#8211;<br>Wyjazdy integracyjne<\/span><\/h2>\n\n\n<div class=\"gb-container gb-container-d7e2dc3a\">\n\n<a class=\"gb-button gb-button-7c82aa47 gb-button-text\" href=\"\/?p=3506\">Berlin- Poczdam Wyjazd Integracyjny<\/a>\n\n<\/div>\n\n<div class=\"gb-container gb-container-4299e082\">\n\n<a class=\"gb-button gb-button-49c644b4 gb-button-text\" href=\"\/?p=3513\">Pieniny Wyjazd Integracyjny<\/a>\n\n<\/div>\n\n<div class=\"gb-container gb-container-d0421fcb\">\n\n<a class=\"gb-button gb-button-0efe21aa gb-button-text\" href=\"\/?p=3521\">\u015awierad\u00f3w Zdr\u00f3j Wyjazd Integracyjny<\/a>\n\n<\/div>\n\n<div class=\"gb-container gb-container-bd58a10e\">\n\n<a class=\"gb-button gb-button-52046e03 gb-button-text\" href=\"\/?page_id=3534\">August\u00f3w &#8211; Wilno Wyjazd Integracyjny<\/a>\n\n<\/div>\n\n<div class=\"gb-container gb-container-d9463069\">\n\n<a class=\"gb-button gb-button-86135cae gb-button-text\" href=\"\/?p=3542\">Berlin &#8211; Poczdam &#8211; Zossen &#8211; Beelitz<br> Wyjazd Integracyjny<\/a>\n\n<\/div>\n<\/div>\n<\/div><\/div>","protected":false},"excerpt":{"rendered":"<p>Wyjazdy integracyjne&#8211; Tw\u00f3j klucz do udanej integracji! Jeste\u015bmy agencj\u0105 eventow\u0105, kt\u00f3ra oferuje niezapomniane wyjazdy integracyjne dla firm. Nasze us\u0142ugi s\u0105 dedykowane grupom o r\u00f3\u017cnej wielko\u015bci. Organizujemy zabawy integracyjne dla doros\u0142ych, gry i spotkania integracyjne, kt\u00f3re przyczyniaj\u0105 si\u0119 do integracji pracownik\u00f3w i budowania silnego zespo\u0142u. Nasza firma eventowa zapewnia kompleksow\u0105 organizacj\u0119 imprez integracyjnych. Oferujemy szeroki wyb\u00f3r &#8230; <a title=\"Phoenix Travel Radomsko\u2013 Wyjazdy Integracyjne\" class=\"read-more\" href=\"https:\/\/phoenix-travel.pl\/?page_id=3382\" aria-label=\"Dowiedz si\u0119 wi\u0119cej o Phoenix Travel Radomsko\u2013 Wyjazdy Integracyjne\">Czytaj dalej<\/a><\/p>\n","protected":false},"author":1,"featured_media":3160,"parent":0,"menu_order":0,"comment_status":"closed","ping_status":"closed","template":"","meta":{"inline_featured_image":false,"_sitemap_exclude":false,"_sitemap_priority":"","_sitemap_frequency":"","footnotes":""},"categories":[34,43],"tags":[],"class_list":{"0":"post-3382","1":"page","2":"type-page","3":"status-publish","4":"has-post-thumbnail","6":"category-biuro-podrozy","7":"category-wyjazdy-integracyjne"},"yoast_head":"<!-- This site is optimized with the Yoast SEO plugin v27.4 - https:\/\/yoast.com\/product\/yoast-seo-wordpress\/ -->\n<title>Phoenix Travel Radomsko\u2013 Wyjazdy Integracyjne<\/title>\n<meta name=\"description\" content=\"Wyjazdy integracyjne - profesjonalne us\u0142ugi agencji eventowej. Zabawy, gry i atrakcje dla integracji pracownik\u00f3w. Wyj\u0105tkowe wyjazdy dla firm.\" \/>\n<meta name=\"robots\" content=\"index, follow, max-snippet:-1, max-image-preview:large, max-video-preview:-1\" \/>\n<link rel=\"canonical\" href=\"https:\/\/phoenix-travel.pl\/?page_id=3382\" \/>\n<meta property=\"og:locale\" content=\"pl_PL\" \/>\n<meta property=\"og:type\" content=\"article\" \/>\n<meta property=\"og:title\" content=\"Phoenix Travel Radomsko\u2013 Wyjazdy Integracyjne\" \/>\n<meta property=\"og:description\" content=\"Wyjazdy integracyjne - profesjonalne us\u0142ugi agencji eventowej. Zabawy, gry i atrakcje dla integracji pracownik\u00f3w. Wyj\u0105tkowe wyjazdy dla firm.\" \/>\n<meta property=\"og:url\" content=\"https:\/\/phoenix-travel.pl\/?page_id=3382\" \/>\n<meta property=\"og:site_name\" content=\"Phoenix Travel\" \/>\n<meta property=\"article:publisher\" content=\"https:\/\/www.facebook.com\/phoenixtravelpl\" \/>\n<meta property=\"article:modified_time\" content=\"2023-07-10T22:12:48+00:00\" \/>\n<meta property=\"og:image\" content=\"https:\/\/phoenix-travel.pl\/wp-content\/uploads\/2023\/03\/PhoenixTravel-Radomsko-Wyjazdy-integracyjne.jpg\" \/>\n\t<meta property=\"og:image:width\" content=\"1920\" \/>\n\t<meta property=\"og:image:height\" content=\"1277\" \/>\n\t<meta property=\"og:image:type\" content=\"image\/jpeg\" \/>\n<meta name=\"twitter:card\" content=\"summary_large_image\" \/>\n<meta name=\"twitter:label1\" content=\"Szacowany czas czytania\" \/>\n\t<meta name=\"twitter:data1\" content=\"2 minuty\" \/>\n<script type=\"application\/ld+json\" class=\"yoast-schema-graph\">{\"@context\":\"https:\\\/\\\/schema.org\",\"@graph\":[{\"@type\":\"WebPage\",\"@id\":\"https:\\\/\\\/phoenix-travel.pl\\\/?page_id=3382\",\"url\":\"https:\\\/\\\/phoenix-travel.pl\\\/?page_id=3382\",\"name\":\"Phoenix Travel Radomsko\u2013 Wyjazdy Integracyjne\",\"isPartOf\":{\"@id\":\"https:\\\/\\\/phoenix-travel.pl\\\/#website\"},\"primaryImageOfPage\":{\"@id\":\"https:\\\/\\\/phoenix-travel.pl\\\/?page_id=3382#primaryimage\"},\"image\":{\"@id\":\"https:\\\/\\\/phoenix-travel.pl\\\/?page_id=3382#primaryimage\"},\"thumbnailUrl\":\"https:\\\/\\\/phoenix-travel.pl\\\/wp-content\\\/uploads\\\/2023\\\/03\\\/PhoenixTravel-Radomsko-Wyjazdy-integracyjne.jpg\",\"datePublished\":\"2023-05-15T21:07:54+00:00\",\"dateModified\":\"2023-07-10T22:12:48+00:00\",\"description\":\"Wyjazdy integracyjne - profesjonalne us\u0142ugi agencji eventowej. Zabawy, gry i atrakcje dla integracji pracownik\u00f3w. Wyj\u0105tkowe wyjazdy dla firm.\",\"breadcrumb\":{\"@id\":\"https:\\\/\\\/phoenix-travel.pl\\\/?page_id=3382#breadcrumb\"},\"inLanguage\":\"pl-PL\",\"potentialAction\":[{\"@type\":\"ReadAction\",\"target\":[\"https:\\\/\\\/phoenix-travel.pl\\\/?page_id=3382\"]}]},{\"@type\":\"ImageObject\",\"inLanguage\":\"pl-PL\",\"@id\":\"https:\\\/\\\/phoenix-travel.pl\\\/?page_id=3382#primaryimage\",\"url\":\"https:\\\/\\\/phoenix-travel.pl\\\/wp-content\\\/uploads\\\/2023\\\/03\\\/PhoenixTravel-Radomsko-Wyjazdy-integracyjne.jpg\",\"contentUrl\":\"https:\\\/\\\/phoenix-travel.pl\\\/wp-content\\\/uploads\\\/2023\\\/03\\\/PhoenixTravel-Radomsko-Wyjazdy-integracyjne.jpg\",\"width\":1920,\"height\":1277},{\"@type\":\"BreadcrumbList\",\"@id\":\"https:\\\/\\\/phoenix-travel.pl\\\/?page_id=3382#breadcrumb\",\"itemListElement\":[{\"@type\":\"ListItem\",\"position\":1,\"name\":\"Strona g\u0142\u00f3wna\",\"item\":\"https:\\\/\\\/phoenix-travel.pl\\\/\"},{\"@type\":\"ListItem\",\"position\":2,\"name\":\"Phoenix Travel Radomsko\u2013 Wyjazdy Integracyjne\"}]},{\"@type\":\"WebSite\",\"@id\":\"https:\\\/\\\/phoenix-travel.pl\\\/#website\",\"url\":\"https:\\\/\\\/phoenix-travel.pl\\\/\",\"name\":\"Phoenix Travel\",\"description\":\"Biuro Podr\u00f3\u017cy\\\/ Wynajem autokar\u00f3w\\\/ Przew\u00f3z os\u00f3b\",\"publisher\":{\"@id\":\"https:\\\/\\\/phoenix-travel.pl\\\/#organization\"},\"potentialAction\":[{\"@type\":\"SearchAction\",\"target\":{\"@type\":\"EntryPoint\",\"urlTemplate\":\"https:\\\/\\\/phoenix-travel.pl\\\/?s={search_term_string}\"},\"query-input\":{\"@type\":\"PropertyValueSpecification\",\"valueRequired\":true,\"valueName\":\"search_term_string\"}}],\"inLanguage\":\"pl-PL\"},{\"@type\":\"Organization\",\"@id\":\"https:\\\/\\\/phoenix-travel.pl\\\/#organization\",\"name\":\"Phoenix Travel Radomsko\",\"url\":\"https:\\\/\\\/phoenix-travel.pl\\\/\",\"logo\":{\"@type\":\"ImageObject\",\"inLanguage\":\"pl-PL\",\"@id\":\"https:\\\/\\\/phoenix-travel.pl\\\/#\\\/schema\\\/logo\\\/image\\\/\",\"url\":\"https:\\\/\\\/phoenix-travel.pl\\\/wp-content\\\/uploads\\\/2023\\\/02\\\/Phoenix-Travel-Logo-Pionowo-Czarne.jpg\",\"contentUrl\":\"https:\\\/\\\/phoenix-travel.pl\\\/wp-content\\\/uploads\\\/2023\\\/02\\\/Phoenix-Travel-Logo-Pionowo-Czarne.jpg\",\"width\":1563,\"height\":1563,\"caption\":\"Phoenix Travel Radomsko\"},\"image\":{\"@id\":\"https:\\\/\\\/phoenix-travel.pl\\\/#\\\/schema\\\/logo\\\/image\\\/\"},\"sameAs\":[\"https:\\\/\\\/www.facebook.com\\\/phoenixtravelpl\"]}]}<\/script>\n<!-- \/ Yoast SEO plugin. -->","yoast_head_json":{"title":"Phoenix Travel Radomsko\u2013 Wyjazdy Integracyjne","description":"Wyjazdy integracyjne - profesjonalne us\u0142ugi agencji eventowej. Zabawy, gry i atrakcje dla integracji pracownik\u00f3w. Wyj\u0105tkowe wyjazdy dla firm.","robots":{"index":"index","follow":"follow","max-snippet":"max-snippet:-1","max-image-preview":"max-image-preview:large","max-video-preview":"max-video-preview:-1"},"canonical":"https:\/\/phoenix-travel.pl\/?page_id=3382","og_locale":"pl_PL","og_type":"article","og_title":"Phoenix Travel Radomsko\u2013 Wyjazdy Integracyjne","og_description":"Wyjazdy integracyjne - profesjonalne us\u0142ugi agencji eventowej. Zabawy, gry i atrakcje dla integracji pracownik\u00f3w. Wyj\u0105tkowe wyjazdy dla firm.","og_url":"https:\/\/phoenix-travel.pl\/?page_id=3382","og_site_name":"Phoenix Travel","article_publisher":"https:\/\/www.facebook.com\/phoenixtravelpl","article_modified_time":"2023-07-10T22:12:48+00:00","og_image":[{"width":1920,"height":1277,"url":"https:\/\/phoenix-travel.pl\/wp-content\/uploads\/2023\/03\/PhoenixTravel-Radomsko-Wyjazdy-integracyjne.jpg","type":"image\/jpeg"}],"twitter_card":"summary_large_image","twitter_misc":{"Szacowany czas czytania":"2 minuty"},"schema":{"@context":"https:\/\/schema.org","@graph":[{"@type":"WebPage","@id":"https:\/\/phoenix-travel.pl\/?page_id=3382","url":"https:\/\/phoenix-travel.pl\/?page_id=3382","name":"Phoenix Travel Radomsko\u2013 Wyjazdy Integracyjne","isPartOf":{"@id":"https:\/\/phoenix-travel.pl\/#website"},"primaryImageOfPage":{"@id":"https:\/\/phoenix-travel.pl\/?page_id=3382#primaryimage"},"image":{"@id":"https:\/\/phoenix-travel.pl\/?page_id=3382#primaryimage"},"thumbnailUrl":"https:\/\/phoenix-travel.pl\/wp-content\/uploads\/2023\/03\/PhoenixTravel-Radomsko-Wyjazdy-integracyjne.jpg","datePublished":"2023-05-15T21:07:54+00:00","dateModified":"2023-07-10T22:12:48+00:00","description":"Wyjazdy integracyjne - profesjonalne us\u0142ugi agencji eventowej. Zabawy, gry i atrakcje dla integracji pracownik\u00f3w. Wyj\u0105tkowe wyjazdy dla firm.","breadcrumb":{"@id":"https:\/\/phoenix-travel.pl\/?page_id=3382#breadcrumb"},"inLanguage":"pl-PL","potentialAction":[{"@type":"ReadAction","target":["https:\/\/phoenix-travel.pl\/?page_id=3382"]}]},{"@type":"ImageObject","inLanguage":"pl-PL","@id":"https:\/\/phoenix-travel.pl\/?page_id=3382#primaryimage","url":"https:\/\/phoenix-travel.pl\/wp-content\/uploads\/2023\/03\/PhoenixTravel-Radomsko-Wyjazdy-integracyjne.jpg","contentUrl":"https:\/\/phoenix-travel.pl\/wp-content\/uploads\/2023\/03\/PhoenixTravel-Radomsko-Wyjazdy-integracyjne.jpg","width":1920,"height":1277},{"@type":"BreadcrumbList","@id":"https:\/\/phoenix-travel.pl\/?page_id=3382#breadcrumb","itemListElement":[{"@type":"ListItem","position":1,"name":"Strona g\u0142\u00f3wna","item":"https:\/\/phoenix-travel.pl\/"},{"@type":"ListItem","position":2,"name":"Phoenix Travel Radomsko\u2013 Wyjazdy Integracyjne"}]},{"@type":"WebSite","@id":"https:\/\/phoenix-travel.pl\/#website","url":"https:\/\/phoenix-travel.pl\/","name":"Phoenix Travel","description":"Biuro Podr\u00f3\u017cy\/ Wynajem autokar\u00f3w\/ Przew\u00f3z os\u00f3b","publisher":{"@id":"https:\/\/phoenix-travel.pl\/#organization"},"potentialAction":[{"@type":"SearchAction","target":{"@type":"EntryPoint","urlTemplate":"https:\/\/phoenix-travel.pl\/?s={search_term_string}"},"query-input":{"@type":"PropertyValueSpecification","valueRequired":true,"valueName":"search_term_string"}}],"inLanguage":"pl-PL"},{"@type":"Organization","@id":"https:\/\/phoenix-travel.pl\/#organization","name":"Phoenix Travel Radomsko","url":"https:\/\/phoenix-travel.pl\/","logo":{"@type":"ImageObject","inLanguage":"pl-PL","@id":"https:\/\/phoenix-travel.pl\/#\/schema\/logo\/image\/","url":"https:\/\/phoenix-travel.pl\/wp-content\/uploads\/2023\/02\/Phoenix-Travel-Logo-Pionowo-Czarne.jpg","contentUrl":"https:\/\/phoenix-travel.pl\/wp-content\/uploads\/2023\/02\/Phoenix-Travel-Logo-Pionowo-Czarne.jpg","width":1563,"height":1563,"caption":"Phoenix Travel Radomsko"},"image":{"@id":"https:\/\/phoenix-travel.pl\/#\/schema\/logo\/image\/"},"sameAs":["https:\/\/www.facebook.com\/phoenixtravelpl"]}]}},"_links":{"self":[{"href":"https:\/\/phoenix-travel.pl\/index.php?rest_route=\/wp\/v2\/pages\/3382","targetHints":{"allow":["GET"]}}],"collection":[{"href":"https:\/\/phoenix-travel.pl\/index.php?rest_route=\/wp\/v2\/pages"}],"about":[{"href":"https:\/\/phoenix-travel.pl\/index.php?rest_route=\/wp\/v2\/types\/page"}],"author":[{"embeddable":true,"href":"https:\/\/phoenix-travel.pl\/index.php?rest_route=\/wp\/v2\/users\/1"}],"replies":[{"embeddable":true,"href":"https:\/\/phoenix-travel.pl\/index.php?rest_route=%2Fwp%2Fv2%2Fcomments&post=3382"}],"version-history":[{"count":6,"href":"https:\/\/phoenix-travel.pl\/index.php?rest_route=\/wp\/v2\/pages\/3382\/revisions"}],"predecessor-version":[{"id":3547,"href":"https:\/\/phoenix-travel.pl\/index.php?rest_route=\/wp\/v2\/pages\/3382\/revisions\/3547"}],"wp:featuredmedia":[{"embeddable":true,"href":"https:\/\/phoenix-travel.pl\/index.php?rest_route=\/wp\/v2\/media\/3160"}],"wp:attachment":[{"href":"https:\/\/phoenix-travel.pl\/index.php?rest_route=%2Fwp%2Fv2%2Fmedia&parent=3382"}],"wp:term":[{"taxonomy":"category","embeddable":true,"href":"https:\/\/phoenix-travel.pl\/index.php?rest_route=%2Fwp%2Fv2%2Fcategories&post=3382"},{"taxonomy":"post_tag","embeddable":true,"href":"https:\/\/phoenix-travel.pl\/index.php?rest_route=%2Fwp%2Fv2%2Ftags&post=3382"}],"curies":[{"name":"wp","href":"https:\/\/api.w.org\/{rel}","templated":true}]}}