{"id":17,"date":"2022-08-09T13:20:30","date_gmt":"2022-08-09T17:20:30","guid":{"rendered":"https:\/\/wbcollective.dev\/explore\/?page_id=17"},"modified":"2023-07-27T22:34:00","modified_gmt":"2023-07-27T20:34:00","slug":"biuro-podrozy-phoenix-travel-radomsko","status":"publish","type":"page","link":"https:\/\/phoenix-travel.pl\/","title":{"rendered":"Phoenix Travel Radomsko<br>&#8211;<br> Biuro Podr\u00f3\u017cy"},"content":{"rendered":"<div class=\"gb-container gb-container-37a00443\"><div class=\"gb-inside-container\">\n\n<h2 class=\"gb-headline gb-headline-89e00bd9\"><span class=\"gb-icon\"><svg viewBox=\"0 0 200 89.68\" xmlns=\"http:\/\/www.w3.org\/2000\/svg\" data-name=\"Layer 1\"><path d=\"M100 26.67c26.16 0 41.14-17.89 67.65-17.89 10.5 0 22.63 3.14 32.35 7.88V8.22C190.47 3.33 178.17 0 167.65 0c-26 0-41 17.89-67.65 17.89S58.33 0 32.35 0C21.83 0 9.52 3.33 0 8.22v8.44c9.72-4.74 21.85-7.88 32.35-7.88 26.51 0 41.49 17.89 67.65 17.89Zm100 53v-8.44c-9.53-4.89-21.83-8.23-32.35-8.23-26 0-41 17.89-67.66 17.89S58.31 63 32.35 63C21.83 63 9.52 66.34 0 71.23v8.45c9.72-4.75 21.85-7.89 32.35-7.89 26.49 0 41.5 17.89 67.64 17.89s41.15-17.89 67.65-17.89c10.51 0 22.64 3.14 32.36 7.89Zm-100-22c26.15 0 41.14-17.88 67.65-17.88 10.5 0 22.63 3.14 32.35 7.88v-8.43c-9.53-4.89-21.83-8.24-32.35-8.24-26 0-41 17.9-67.65 17.9S58.31 31 32.35 31C21.83 31 9.52 34.35 0 39.24v8.45c9.72-4.69 21.85-7.88 32.35-7.88 26.51 0 41.5 17.88 67.65 17.88Z\"><\/path><\/svg><\/span><span class=\"gb-headline-text\">Kim jeste\u015bmy<\/span><\/h2>\n\n\n\n<p class=\"gb-headline gb-headline-07508150 gb-headline-text\">Witaj w Biurze Podr\u00f3\u017cy Phoenix Travel Radomsko! Jeste\u015bmy grup\u0105 zapalonych pasjonat\u00f3w, kt\u00f3rzy kochaj\u0105 odkrywa\u0107 pi\u0119kno naszego \u015bwiata i dzieli\u0107 si\u0119 nim z naszymi klientami. Nasza misja to stworzenie niezapomnianych wra\u017ce\u0144, kt\u00f3re pozostan\u0105 w pami\u0119ci na zawsze.<\/p>\n\n\n\n<p class=\"gb-headline gb-headline-f830cc5d gb-headline-text\">Zajmujemy si\u0119 organizacj\u0105 imprez turystycznych na terenie Polski i Europy, przewozem os\u00f3b oraz wycieczkami szkolnymi i firmowymi. Podczas tworzenia naszych program\u00f3w podr\u00f3\u017cy skupiamy si\u0119 na indywidualnym podej\u015bciu do ka\u017cdego klienta, nie forsujemy swoich rozwi\u0105za\u0144, a ka\u017cd\u0105 sugesti\u0119 traktujemy bardzo powa\u017cnie.<\/p>\n\n\n\n<p class=\"gb-headline gb-headline-a3f2773e gb-headline-text\">Oferujemy wyj\u0105tkowe i oryginalne wycieczki, kt\u00f3re pozwol\u0105 Ci pozna\u0107 najpi\u0119kniejsze zak\u0105tki Europy, a tak\u017ce bogactwo kulturowe i historyczne naszego kraju. Jeste\u015bmy specjalistami od organizacji wycieczek szkolnych i firmowych &#8211; zadbamy o wszystkie szczeg\u00f3\u0142y, aby Twoja wycieczka by\u0142a nie tylko edukacyjna, ale tak\u017ce pe\u0142na zabawy i niezapomnianych wra\u017ce\u0144.<\/p>\n\n\n\n<p class=\"gb-headline gb-headline-1ea97e6c gb-headline-text\">Naszym niew\u0105tpliwym atutem jest mo\u017cliwo\u015b\u0107 zwiedzania Berlina w towarzystwie znanego historyka, naukowca i autora wielu ksi\u0105\u017cek, dr Witolda Pronobisa. To wyj\u0105tkowa okazja, aby pozna\u0107 t\u0119 fascynuj\u0105c\u0105 stolic\u0119 Niemiec z perspektywy specjalisty, kt\u00f3ry opowie Ci o najwa\u017cniejszych wydarzeniach z historii Berlina i poka\u017ce miejsca, kt\u00f3rych nie znajdziesz w przewodnikach turystycznych.<\/p>\n\n\n\n<p class=\"gb-headline gb-headline-46e57349 gb-headline-text\">Skontaktuj si\u0119 z nami, a pomo\u017cemy Ci zorganizowa\u0107 wymarzon\u0105 podr\u00f3\u017c!<\/p>\n\n\n\n<p class=\"gb-headline gb-headline-f617f7cd gb-headline-text\"><strong>Posiadamy wszelkie niezb\u0119dne zezwolenia m. in. wpis do rejestru organizator\u00f3w turystyki i gwarancj\u0119<br>ubezpieczeniow\u0105 organizatora turystyki.<\/strong><\/p>\n\n\n<div class=\"gb-container gb-container-7b46d6a4\">\n\n<h2 class=\"gb-headline gb-headline-770f9a4f\"><span class=\"gb-icon\"><svg viewBox=\"0 0 200 89.68\" xmlns=\"http:\/\/www.w3.org\/2000\/svg\" data-name=\"Layer 1\"><path d=\"M100 26.67c26.16 0 41.14-17.89 67.65-17.89 10.5 0 22.63 3.14 32.35 7.88V8.22C190.47 3.33 178.17 0 167.65 0c-26 0-41 17.89-67.65 17.89S58.33 0 32.35 0C21.83 0 9.52 3.33 0 8.22v8.44c9.72-4.74 21.85-7.88 32.35-7.88 26.51 0 41.49 17.89 67.65 17.89Zm100 53v-8.44c-9.53-4.89-21.83-8.23-32.35-8.23-26 0-41 17.89-67.66 17.89S58.31 63 32.35 63C21.83 63 9.52 66.34 0 71.23v8.45c9.72-4.75 21.85-7.89 32.35-7.89 26.49 0 41.5 17.89 67.64 17.89s41.15-17.89 67.65-17.89c10.51 0 22.64 3.14 32.36 7.89Zm-100-22c26.15 0 41.14-17.88 67.65-17.88 10.5 0 22.63 3.14 32.35 7.88v-8.43c-9.53-4.89-21.83-8.24-32.35-8.24-26 0-41 17.9-67.65 17.9S58.31 31 32.35 31C21.83 31 9.52 34.35 0 39.24v8.45c9.72-4.69 21.85-7.88 32.35-7.88 26.51 0 41.5 17.88 67.65 17.88Z\"><\/path><\/svg><\/span><span class=\"gb-headline-text\">Organizujemy wyjazdy na<\/span><\/h2>\n\n\n<div class=\"gb-grid-wrapper gb-grid-wrapper-a57aebc6\">\n<div class=\"gb-grid-column gb-grid-column-a66c44c4\"><div class=\"gb-container gb-container-a66c44c4\">\n\n<a class=\"gb-button gb-button-70163b6a gb-button-text\" href=\"\/?p=3187\">Jarmarki <br> Bo\u017conarodzeniowe<\/a>\n\n<\/div><\/div>\n\n<div class=\"gb-grid-column gb-grid-column-4feb2e76\"><div class=\"gb-container gb-container-4feb2e76\">\n\n<a class=\"gb-button gb-button-37df0d9e gb-button-text\" href=\"\/?page_id=3382\">Wyjazdy <br>Integracyjne<\/a>\n\n<\/div><\/div>\n<\/div>\n\n<div class=\"gb-grid-wrapper gb-grid-wrapper-909caf6f\">\n<div class=\"gb-grid-column gb-grid-column-57bff920\"><div class=\"gb-container gb-container-57bff920\">\n\n<a class=\"gb-button gb-button-066d11d8 gb-button-text\" href=\"\/?p=3389\">Parki <br>Rozrywki<\/a>\n\n<\/div><\/div>\n\n<div class=\"gb-grid-column gb-grid-column-05ad55b9\"><div class=\"gb-container gb-container-05ad55b9\">\n\n<a class=\"gb-button gb-button-87b3eb0d gb-button-text\" href=\"\/?p=3396\">Zielone <br>Szko\u0142y<\/a>\n\n<\/div><\/div>\n<\/div>\n\n<div class=\"gb-container gb-container-d7e2dc3a\">\n\n<a class=\"gb-button gb-button-7c82aa47 gb-button-text\" href=\"\/?p=3564\">Pielgrzymki<\/a>\n\n<\/div>\n<\/div>\n<\/div><\/div>\n\n<div class=\"gb-grid-wrapper gb-grid-wrapper-d0d857e9\">\n<div class=\"gb-grid-column gb-grid-column-4a7984de\"><div class=\"gb-container gb-container-4a7984de\"><div class=\"gb-inside-container\"><\/div><\/div><\/div>\n\n<div class=\"gb-grid-column gb-grid-column-0b5ffd74\"><div class=\"gb-container gb-container-0b5ffd74\"><div class=\"gb-inside-container\">\n\n<h2 class=\"gb-headline gb-headline-91251257 gb-headline-text\">Oferta wycieczek<\/h2>\n\n\n\n<hr class=\"wp-block-separator has-text-color has-alpha-channel-opacity has-background\" style=\"background-color:#29b1cc73;color:#29b1cc73\"\/>\n\n\n\n<p class=\"gb-headline gb-headline-cdd94d09 gb-headline-text\">Serdecznie zapraszamy do zapoznania si\u0119 z nasz\u0105 ofert\u0105 wycieczek po Polsce i Europie. Przedstawiamy przyk\u0142adowe propozycje, kt\u00f3re mo\u017cemy dostosowa\u0107 indywidualnie do Pa\u0144stwa potrzeb i preferencji, negocjuj\u0105c warunki pod k\u0105tem Pa\u0144stwa wymaga\u0144.<\/p>\n\n\n<div class=\"gb-button-wrapper gb-button-wrapper-3a486554\">\n\n<a class=\"gb-button gb-button-9125886b gb-button-text\" href=\"\/?page_id=2530\"><strong>Zobacz ofert\u0119 wycieczek<\/strong><\/a>\n\n<\/div>\n<\/div><\/div><\/div>\n<\/div>\n\n<div class=\"gb-grid-wrapper gb-grid-wrapper-e6ce72f3 home_przewoz_osob\">\n<div class=\"gb-grid-column gb-grid-column-485c7fc4\"><div class=\"gb-container gb-container-485c7fc4\"><div class=\"gb-inside-container\">\n\n<h2 class=\"gb-headline gb-headline-88dfc589 gb-headline-text\">Przew\u00f3z os\u00f3b<\/h2>\n\n\n\n<hr class=\"wp-block-separator has-alpha-channel-opacity\"\/>\n\n\n\n<p class=\"gb-headline gb-headline-2024b25d gb-headline-text\">Dzi\u0119ki naszym wysokiej klasy autokarom i busom, wyposa\u017conym w nowoczesne rozwi\u0105zania techniczne, nawet najd\u0142u\u017csza podr\u00f3\u017c b\u0119dzie przyjemno\u015bci\u0105. W trosce o naszych pasa\u017cer\u00f3w, priorytetem dla nas jest dba\u0142o\u015b\u0107 o terminowo\u015b\u0107 oraz ich zadowolenie z podr\u00f3\u017cy.<\/p>\n\n\n<div class=\"gb-button-wrapper gb-button-wrapper-08d7e05c\">\n\n<a class=\"gb-button gb-button-ecf99e64 gb-button-text\" href=\"\/?page_id=2374\"><strong>Zobacz nasz\u0105 flot\u0119<\/strong><\/a>\n\n<\/div>\n<\/div><\/div><\/div>\n\n<div class=\"gb-grid-column gb-grid-column-c6507bec\"><div class=\"gb-container gb-container-c6507bec\"><div class=\"gb-inside-container\"><\/div><\/div><\/div>\n<\/div>","protected":false},"excerpt":{"rendered":"<p>Kim jeste\u015bmy Witaj w Biurze Podr\u00f3\u017cy Phoenix Travel Radomsko! Jeste\u015bmy grup\u0105 zapalonych pasjonat\u00f3w, kt\u00f3rzy kochaj\u0105 odkrywa\u0107 pi\u0119kno naszego \u015bwiata i dzieli\u0107 si\u0119 nim z naszymi klientami. Nasza misja to stworzenie niezapomnianych wra\u017ce\u0144, kt\u00f3re pozostan\u0105 w pami\u0119ci na zawsze. Zajmujemy si\u0119 organizacj\u0105 imprez turystycznych na terenie Polski i Europy, przewozem os\u00f3b oraz wycieczkami szkolnymi i firmowymi. &#8230; <a title=\"Phoenix Travel Radomsko&#8211; Biuro Podr\u00f3\u017cy\" class=\"read-more\" href=\"https:\/\/phoenix-travel.pl\/\" aria-label=\"Dowiedz si\u0119 wi\u0119cej o Phoenix Travel Radomsko&#8211; Biuro Podr\u00f3\u017cy\">Czytaj dalej<\/a><\/p>\n","protected":false},"author":1,"featured_media":2379,"parent":0,"menu_order":0,"comment_status":"closed","ping_status":"closed","template":"","meta":{"inline_featured_image":false,"_sitemap_exclude":false,"_sitemap_priority":"","_sitemap_frequency":"","footnotes":""},"categories":[],"tags":[],"class_list":["post-17","page","type-page","status-publish","has-post-thumbnail"],"yoast_head":"<!-- This site is optimized with the Yoast SEO plugin v27.4 - https:\/\/yoast.com\/product\/yoast-seo-wordpress\/ -->\n<title>Biuro Podr\u00f3\u017cy- Phoenix Travel Radomsko<\/title>\n<meta name=\"description\" content=\"Biuro Podr\u00f3\u017cy Phoenix Travel Radomsko. Posiadamy bogat\u0105 ofert\u0119 wycieczek na terenie Polski i Europy. Oferujemy wynajem autokar\u00f3w\/ przew\u00f3z os\u00f3b\" \/>\n<meta name=\"robots\" content=\"index, follow, max-snippet:-1, max-image-preview:large, max-video-preview:-1\" \/>\n<link rel=\"canonical\" href=\"https:\/\/phoenix-travel.pl\/\" \/>\n<meta property=\"og:locale\" content=\"pl_PL\" \/>\n<meta property=\"og:type\" content=\"article\" \/>\n<meta property=\"og:title\" content=\"Biuro Podr\u00f3\u017cy- Phoenix Travel Radomsko\" \/>\n<meta property=\"og:description\" content=\"Biuro Podr\u00f3\u017cy Phoenix Travel Radomsko. Posiadamy bogat\u0105 ofert\u0119 wycieczek na terenie Polski i Europy. Oferujemy wynajem autokar\u00f3w\/ przew\u00f3z os\u00f3b\" \/>\n<meta property=\"og:url\" content=\"https:\/\/phoenix-travel.pl\/\" \/>\n<meta property=\"og:site_name\" content=\"Phoenix Travel\" \/>\n<meta property=\"article:publisher\" content=\"https:\/\/www.facebook.com\/phoenixtravelpl\" \/>\n<meta property=\"article:modified_time\" content=\"2023-07-27T20:34:00+00:00\" \/>\n<meta property=\"og:image\" content=\"https:\/\/phoenix-travel.pl\/wp-content\/uploads\/2023\/02\/Phoenix-Travel-Logo-Pionowo-Czarne.jpg\" \/>\n\t<meta property=\"og:image:width\" content=\"1563\" \/>\n\t<meta property=\"og:image:height\" content=\"1563\" \/>\n\t<meta property=\"og:image:type\" content=\"image\/jpeg\" \/>\n<meta name=\"twitter:card\" content=\"summary_large_image\" \/>\n<meta name=\"twitter:label1\" content=\"Szacowany czas czytania\" \/>\n\t<meta name=\"twitter:data1\" content=\"2 minuty\" \/>\n<script type=\"application\/ld+json\" class=\"yoast-schema-graph\">{\"@context\":\"https:\\\/\\\/schema.org\",\"@graph\":[{\"@type\":\"WebPage\",\"@id\":\"https:\\\/\\\/phoenix-travel.pl\\\/\",\"url\":\"https:\\\/\\\/phoenix-travel.pl\\\/\",\"name\":\"Biuro Podr\u00f3\u017cy- Phoenix Travel Radomsko\",\"isPartOf\":{\"@id\":\"https:\\\/\\\/phoenix-travel.pl\\\/#website\"},\"primaryImageOfPage\":{\"@id\":\"https:\\\/\\\/phoenix-travel.pl\\\/#primaryimage\"},\"image\":{\"@id\":\"https:\\\/\\\/phoenix-travel.pl\\\/#primaryimage\"},\"thumbnailUrl\":\"https:\\\/\\\/phoenix-travel.pl\\\/wp-content\\\/uploads\\\/2023\\\/02\\\/Phoenix-Travel-Logo-Pionowo-Czarne.jpg\",\"datePublished\":\"2022-08-09T17:20:30+00:00\",\"dateModified\":\"2023-07-27T20:34:00+00:00\",\"description\":\"Biuro Podr\u00f3\u017cy Phoenix Travel Radomsko. Posiadamy bogat\u0105 ofert\u0119 wycieczek na terenie Polski i Europy. Oferujemy wynajem autokar\u00f3w\\\/ przew\u00f3z os\u00f3b\",\"breadcrumb\":{\"@id\":\"https:\\\/\\\/phoenix-travel.pl\\\/#breadcrumb\"},\"inLanguage\":\"pl-PL\",\"potentialAction\":[{\"@type\":\"ReadAction\",\"target\":[\"https:\\\/\\\/phoenix-travel.pl\\\/\"]}]},{\"@type\":\"ImageObject\",\"inLanguage\":\"pl-PL\",\"@id\":\"https:\\\/\\\/phoenix-travel.pl\\\/#primaryimage\",\"url\":\"https:\\\/\\\/phoenix-travel.pl\\\/wp-content\\\/uploads\\\/2023\\\/02\\\/Phoenix-Travel-Logo-Pionowo-Czarne.jpg\",\"contentUrl\":\"https:\\\/\\\/phoenix-travel.pl\\\/wp-content\\\/uploads\\\/2023\\\/02\\\/Phoenix-Travel-Logo-Pionowo-Czarne.jpg\",\"width\":1563,\"height\":1563,\"caption\":\"Logo firmy Phoenix Travel. Przedstawia czarny kontur feniksa na bia\u0142ym tle\"},{\"@type\":\"BreadcrumbList\",\"@id\":\"https:\\\/\\\/phoenix-travel.pl\\\/#breadcrumb\",\"itemListElement\":[{\"@type\":\"ListItem\",\"position\":1,\"name\":\"Strona g\u0142\u00f3wna\",\"item\":\"https:\\\/\\\/phoenix-travel.pl\\\/\"},{\"@type\":\"ListItem\",\"position\":2,\"name\":\"Phoenix Travel Radomsko&#8211; Biuro Podr\u00f3\u017cy\"}]},{\"@type\":\"WebSite\",\"@id\":\"https:\\\/\\\/phoenix-travel.pl\\\/#website\",\"url\":\"https:\\\/\\\/phoenix-travel.pl\\\/\",\"name\":\"Phoenix Travel\",\"description\":\"Biuro Podr\u00f3\u017cy\\\/ Wynajem autokar\u00f3w\\\/ Przew\u00f3z os\u00f3b\",\"publisher\":{\"@id\":\"https:\\\/\\\/phoenix-travel.pl\\\/#organization\"},\"potentialAction\":[{\"@type\":\"SearchAction\",\"target\":{\"@type\":\"EntryPoint\",\"urlTemplate\":\"https:\\\/\\\/phoenix-travel.pl\\\/?s={search_term_string}\"},\"query-input\":{\"@type\":\"PropertyValueSpecification\",\"valueRequired\":true,\"valueName\":\"search_term_string\"}}],\"inLanguage\":\"pl-PL\"},{\"@type\":\"Organization\",\"@id\":\"https:\\\/\\\/phoenix-travel.pl\\\/#organization\",\"name\":\"Phoenix Travel Radomsko\",\"url\":\"https:\\\/\\\/phoenix-travel.pl\\\/\",\"logo\":{\"@type\":\"ImageObject\",\"inLanguage\":\"pl-PL\",\"@id\":\"https:\\\/\\\/phoenix-travel.pl\\\/#\\\/schema\\\/logo\\\/image\\\/\",\"url\":\"https:\\\/\\\/phoenix-travel.pl\\\/wp-content\\\/uploads\\\/2023\\\/02\\\/Phoenix-Travel-Logo-Pionowo-Czarne.jpg\",\"contentUrl\":\"https:\\\/\\\/phoenix-travel.pl\\\/wp-content\\\/uploads\\\/2023\\\/02\\\/Phoenix-Travel-Logo-Pionowo-Czarne.jpg\",\"width\":1563,\"height\":1563,\"caption\":\"Phoenix Travel Radomsko\"},\"image\":{\"@id\":\"https:\\\/\\\/phoenix-travel.pl\\\/#\\\/schema\\\/logo\\\/image\\\/\"},\"sameAs\":[\"https:\\\/\\\/www.facebook.com\\\/phoenixtravelpl\"]}]}<\/script>\n<!-- \/ Yoast SEO plugin. -->","yoast_head_json":{"title":"Biuro Podr\u00f3\u017cy- Phoenix Travel Radomsko","description":"Biuro Podr\u00f3\u017cy Phoenix Travel Radomsko. Posiadamy bogat\u0105 ofert\u0119 wycieczek na terenie Polski i Europy. Oferujemy wynajem autokar\u00f3w\/ przew\u00f3z os\u00f3b","robots":{"index":"index","follow":"follow","max-snippet":"max-snippet:-1","max-image-preview":"max-image-preview:large","max-video-preview":"max-video-preview:-1"},"canonical":"https:\/\/phoenix-travel.pl\/","og_locale":"pl_PL","og_type":"article","og_title":"Biuro Podr\u00f3\u017cy- Phoenix Travel Radomsko","og_description":"Biuro Podr\u00f3\u017cy Phoenix Travel Radomsko. Posiadamy bogat\u0105 ofert\u0119 wycieczek na terenie Polski i Europy. Oferujemy wynajem autokar\u00f3w\/ przew\u00f3z os\u00f3b","og_url":"https:\/\/phoenix-travel.pl\/","og_site_name":"Phoenix Travel","article_publisher":"https:\/\/www.facebook.com\/phoenixtravelpl","article_modified_time":"2023-07-27T20:34:00+00:00","og_image":[{"width":1563,"height":1563,"url":"https:\/\/phoenix-travel.pl\/wp-content\/uploads\/2023\/02\/Phoenix-Travel-Logo-Pionowo-Czarne.jpg","type":"image\/jpeg"}],"twitter_card":"summary_large_image","twitter_misc":{"Szacowany czas czytania":"2 minuty"},"schema":{"@context":"https:\/\/schema.org","@graph":[{"@type":"WebPage","@id":"https:\/\/phoenix-travel.pl\/","url":"https:\/\/phoenix-travel.pl\/","name":"Biuro Podr\u00f3\u017cy- Phoenix Travel Radomsko","isPartOf":{"@id":"https:\/\/phoenix-travel.pl\/#website"},"primaryImageOfPage":{"@id":"https:\/\/phoenix-travel.pl\/#primaryimage"},"image":{"@id":"https:\/\/phoenix-travel.pl\/#primaryimage"},"thumbnailUrl":"https:\/\/phoenix-travel.pl\/wp-content\/uploads\/2023\/02\/Phoenix-Travel-Logo-Pionowo-Czarne.jpg","datePublished":"2022-08-09T17:20:30+00:00","dateModified":"2023-07-27T20:34:00+00:00","description":"Biuro Podr\u00f3\u017cy Phoenix Travel Radomsko. Posiadamy bogat\u0105 ofert\u0119 wycieczek na terenie Polski i Europy. Oferujemy wynajem autokar\u00f3w\/ przew\u00f3z os\u00f3b","breadcrumb":{"@id":"https:\/\/phoenix-travel.pl\/#breadcrumb"},"inLanguage":"pl-PL","potentialAction":[{"@type":"ReadAction","target":["https:\/\/phoenix-travel.pl\/"]}]},{"@type":"ImageObject","inLanguage":"pl-PL","@id":"https:\/\/phoenix-travel.pl\/#primaryimage","url":"https:\/\/phoenix-travel.pl\/wp-content\/uploads\/2023\/02\/Phoenix-Travel-Logo-Pionowo-Czarne.jpg","contentUrl":"https:\/\/phoenix-travel.pl\/wp-content\/uploads\/2023\/02\/Phoenix-Travel-Logo-Pionowo-Czarne.jpg","width":1563,"height":1563,"caption":"Logo firmy Phoenix Travel. Przedstawia czarny kontur feniksa na bia\u0142ym tle"},{"@type":"BreadcrumbList","@id":"https:\/\/phoenix-travel.pl\/#breadcrumb","itemListElement":[{"@type":"ListItem","position":1,"name":"Strona g\u0142\u00f3wna","item":"https:\/\/phoenix-travel.pl\/"},{"@type":"ListItem","position":2,"name":"Phoenix Travel Radomsko&#8211; Biuro Podr\u00f3\u017cy"}]},{"@type":"WebSite","@id":"https:\/\/phoenix-travel.pl\/#website","url":"https:\/\/phoenix-travel.pl\/","name":"Phoenix Travel","description":"Biuro Podr\u00f3\u017cy\/ Wynajem autokar\u00f3w\/ Przew\u00f3z os\u00f3b","publisher":{"@id":"https:\/\/phoenix-travel.pl\/#organization"},"potentialAction":[{"@type":"SearchAction","target":{"@type":"EntryPoint","urlTemplate":"https:\/\/phoenix-travel.pl\/?s={search_term_string}"},"query-input":{"@type":"PropertyValueSpecification","valueRequired":true,"valueName":"search_term_string"}}],"inLanguage":"pl-PL"},{"@type":"Organization","@id":"https:\/\/phoenix-travel.pl\/#organization","name":"Phoenix Travel Radomsko","url":"https:\/\/phoenix-travel.pl\/","logo":{"@type":"ImageObject","inLanguage":"pl-PL","@id":"https:\/\/phoenix-travel.pl\/#\/schema\/logo\/image\/","url":"https:\/\/phoenix-travel.pl\/wp-content\/uploads\/2023\/02\/Phoenix-Travel-Logo-Pionowo-Czarne.jpg","contentUrl":"https:\/\/phoenix-travel.pl\/wp-content\/uploads\/2023\/02\/Phoenix-Travel-Logo-Pionowo-Czarne.jpg","width":1563,"height":1563,"caption":"Phoenix Travel Radomsko"},"image":{"@id":"https:\/\/phoenix-travel.pl\/#\/schema\/logo\/image\/"},"sameAs":["https:\/\/www.facebook.com\/phoenixtravelpl"]}]}},"_links":{"self":[{"href":"https:\/\/phoenix-travel.pl\/index.php?rest_route=\/wp\/v2\/pages\/17","targetHints":{"allow":["GET"]}}],"collection":[{"href":"https:\/\/phoenix-travel.pl\/index.php?rest_route=\/wp\/v2\/pages"}],"about":[{"href":"https:\/\/phoenix-travel.pl\/index.php?rest_route=\/wp\/v2\/types\/page"}],"author":[{"embeddable":true,"href":"https:\/\/phoenix-travel.pl\/index.php?rest_route=\/wp\/v2\/users\/1"}],"replies":[{"embeddable":true,"href":"https:\/\/phoenix-travel.pl\/index.php?rest_route=%2Fwp%2Fv2%2Fcomments&post=17"}],"version-history":[{"count":103,"href":"https:\/\/phoenix-travel.pl\/index.php?rest_route=\/wp\/v2\/pages\/17\/revisions"}],"predecessor-version":[{"id":3575,"href":"https:\/\/phoenix-travel.pl\/index.php?rest_route=\/wp\/v2\/pages\/17\/revisions\/3575"}],"wp:featuredmedia":[{"embeddable":true,"href":"https:\/\/phoenix-travel.pl\/index.php?rest_route=\/wp\/v2\/media\/2379"}],"wp:attachment":[{"href":"https:\/\/phoenix-travel.pl\/index.php?rest_route=%2Fwp%2Fv2%2Fmedia&parent=17"}],"wp:term":[{"taxonomy":"category","embeddable":true,"href":"https:\/\/phoenix-travel.pl\/index.php?rest_route=%2Fwp%2Fv2%2Fcategories&post=17"},{"taxonomy":"post_tag","embeddable":true,"href":"https:\/\/phoenix-travel.pl\/index.php?rest_route=%2Fwp%2Fv2%2Ftags&post=17"}],"curies":[{"name":"wp","href":"https:\/\/api.w.org\/{rel}","templated":true}]}}