{"id":167,"date":"2022-08-15T15:35:33","date_gmt":"2022-08-15T19:35:33","guid":{"rendered":"https:\/\/wbcollective.dev\/explore\/?page_id=167"},"modified":"2023-12-27T13:10:46","modified_gmt":"2023-12-27T12:10:46","slug":"phoenix-travel-radomsko-kontakt","status":"publish","type":"page","link":"https:\/\/phoenix-travel.pl\/?page_id=167","title":{"rendered":"Phoenix Travel Radomsko<br>\u2013<br> Kontakt"},"content":{"rendered":"<div class=\"gb-container gb-container-714c8a1b\"><div class=\"gb-inside-container\">\n<div class=\"gb-grid-wrapper gb-grid-wrapper-7cd5eef7\">\n<div class=\"gb-grid-column gb-grid-column-e6e4532b\"><div class=\"gb-container gb-container-e6e4532b\"><div class=\"gb-inside-container\">\n\n<h2 class=\"gb-headline gb-headline-c4946eeb gb-headline-text\">Skontaktuj si\u0119 z nami<\/h2>\n\n\n\n<p class=\"gb-headline gb-headline-94d1d6f8 gb-headline-text\">Chcesz dowiedzie\u0107 si\u0119 wi\u0119cej o naszej firmie lub masz pytania? Skorzystaj z formularza kontaktowego poni\u017cej, aby przes\u0142a\u0107 nam wiadomo\u015b\u0107. Nasz zesp\u00f3\u0142 odpowie na Twoje pytania w ci\u0105gu 24 godzin. Ponadto, mo\u017cesz \u015bledzi\u0107 nasze profile na social media, aby by\u0107 na bie\u017c\u0105co z najnowszymi informacjami i ofertami.<\/p>\n\n\n\n<p class=\"gb-headline gb-headline-b42ef303 gb-headline-text\"><strong>PHOENIX TRAVEL<\/strong><br>ul. Krasickiego 90 Radomsko 97-500<br>TEL: <a href=\"tel:+48664771420\" target=\"_blank\" rel=\"noreferrer noopener\">+ 48 664 771 420<\/a><br>E-MAIL: <a href=\"mailto:biuro@phoenix-travel.pl\" target=\"_blank\" rel=\"noreferrer noopener\">BIURO@PHOENIX-TRAVEL.PL<\/a><\/p>\n\n\n\n<div class=\"gb-headline gb-headline-3fec6813 gb-headline-text\">\u015aled\u017a nas online!<\/div>\n\n\n\n<iframe loading=\"lazy\" src=\"https:\/\/www.facebook.com\/plugins\/page.php?href=https%3A%2F%2Fwww.facebook.com%2Fphoenixtravelpl&#038;tabs&#038;width=340&#038;height=130&#038;small_header=false&#038;adapt_container_width=true&#038;hide_cover=false&#038;show_facepile=true&#038;appId=178985785137335\" width=\"340\" height=\"130\" style=\"border:none;overflow:hidden\" scrolling=\"no\" frameborder=\"0\" allowfullscreen=\"true\" allow=\"autoplay; clipboard-write; encrypted-media; picture-in-picture; web-share\"><\/iframe>\n\n<\/div><\/div><\/div>\n\n<div class=\"gb-grid-column gb-grid-column-cb3561a9\"><div class=\"gb-container gb-container-cb3561a9\"><div class=\"gb-inside-container\">\n<style id=\"wpforms-css-vars-3247-block-35c1cc07-656a-48eb-9c9c-e13fd8bfc697\">\n\t\t\t\t#wpforms-3247.wpforms-block-35c1cc07-656a-48eb-9c9c-e13fd8bfc697 {\n\t\t\t\t--wpforms-field-border-radius: 10px;\n--wpforms-field-border-color: var(--contrast-2);\n--wpforms-field-border-color-spare: var(--contrast-2);\n--wpforms-button-border-radius: 10px;\n--wpforms-field-size-input-height: 31px;\n--wpforms-field-size-input-spacing: 10px;\n--wpforms-field-size-font-size: 14px;\n--wpforms-field-size-line-height: 17px;\n--wpforms-field-size-padding-h: 9px;\n--wpforms-field-size-checkbox-size: 14px;\n--wpforms-field-size-sublabel-spacing: 5px;\n--wpforms-field-size-icon-size: 0.75;\n\t\t\t}\n\t\t\t<\/style><div class=\"wpforms-container wpforms-container-full wpforms-block wpforms-block-35c1cc07-656a-48eb-9c9c-e13fd8bfc697 wpforms-render-modern\" id=\"wpforms-3247\"><form id=\"wpforms-form-3247\" class=\"wpforms-validate wpforms-form wpforms-ajax-form\" data-formid=\"3247\" method=\"post\" enctype=\"multipart\/form-data\" action=\"\/index.php?rest_route=%2Fwp%2Fv2%2Fpages%2F167\" data-token=\"32e26a37dc3fe467cf6c16421be872a9\" data-token-time=\"1776608541\"><noscript class=\"wpforms-error-noscript\">Aby wype\u0142ni\u0107 ten formularz, w\u0142\u0105cz obs\u0142ug\u0119 JavaScript w przegl\u0105darce.<\/noscript><div id=\"wpforms-error-noscript\" style=\"display: none;\">Aby wype\u0142ni\u0107 ten formularz, w\u0142\u0105cz obs\u0142ug\u0119 JavaScript w przegl\u0105darce.<\/div><div class=\"wpforms-field-container\"><div id=\"wpforms-3247-field_0-container\" class=\"wpforms-field wpforms-field-name\" data-field-id=\"0\"><label class=\"wpforms-field-label\" for=\"wpforms-3247-field_0\">Imi\u0119 i nazwisko <span class=\"wpforms-required-label\" aria-hidden=\"true\">*<\/span><\/label><input type=\"text\" id=\"wpforms-3247-field_0\" class=\"wpforms-field-medium wpforms-field-required\" name=\"wpforms[fields][0]\" aria-errormessage=\"wpforms-3247-field_0-error\" required><\/div><div id=\"wpforms-3247-field_4-container\" class=\"wpforms-field wpforms-field-text\" data-field-id=\"4\"><label class=\"wpforms-field-label\" for=\"wpforms-3247-field_4\">E-mail <span class=\"wpforms-required-label\" aria-hidden=\"true\">*<\/span><\/label><input type=\"text\" id=\"wpforms-3247-field_4\" class=\"wpforms-field-medium wpforms-field-required\" name=\"wpforms[fields][4]\" aria-errormessage=\"wpforms-3247-field_4-error\" required><\/div><div id=\"wpforms-3247-field_2-container\" class=\"wpforms-field wpforms-field-textarea\" data-field-id=\"2\"><label class=\"wpforms-field-label\" for=\"wpforms-3247-field_2\">Tre\u015b\u0107 Wiadomo\u015bci <span class=\"wpforms-required-label\" aria-hidden=\"true\">*<\/span><\/label><textarea id=\"wpforms-3247-field_2\" class=\"wpforms-field-medium wpforms-field-required\" name=\"wpforms[fields][2]\" aria-errormessage=\"wpforms-3247-field_2-error\" required><\/textarea><\/div><div id=\"wpforms-3247-field_5-container\" class=\"wpforms-field wpforms-field-gdpr-checkbox\" data-field-id=\"5\"><label class=\"wpforms-field-label\">Zgoda RODO <span class=\"wpforms-required-label\" aria-hidden=\"true\">*<\/span><\/label><ul id=\"wpforms-3247-field_5\" class=\"wpforms-field-required\"><li class=\"choice-1\"><input type=\"checkbox\" id=\"wpforms-3247-field_5_1\" name=\"wpforms[fields][5][]\" value=\"Zgadzam si\u0119 na przechowywanie przes\u0142anych przeze mnie informacji w tej witrynie internetowej do cel\u00f3w udzielenia odpowiedzi na moje zapytanie.\" aria-errormessage=\"wpforms-3247-field_5_1-error\" required ><label class=\"wpforms-field-label-inline\" for=\"wpforms-3247-field_5_1\">Zgadzam si\u0119 na przechowywanie przes\u0142anych przeze mnie informacji w tej witrynie internetowej do cel\u00f3w udzielenia odpowiedzi na moje zapytanie.<\/label><\/li><\/ul><\/div><\/div><!-- .wpforms-field-container --><div class=\"wpforms-recaptcha-container wpforms-is-recaptcha wpforms-is-recaptcha-type-v3\" ><input type=\"hidden\" name=\"wpforms[recaptcha]\" value=\"\"><\/div><div class=\"wpforms-submit-container\" ><input type=\"hidden\" name=\"wpforms[id]\" value=\"3247\"><input type=\"hidden\" name=\"page_title\" value=\"\"><input type=\"hidden\" name=\"page_url\" value=\"https:\/\/phoenix-travel.pl\/index.php?rest_route=\/wp\/v2\/pages\/167\"><input type=\"hidden\" name=\"url_referer\" value=\"\"><button type=\"submit\" name=\"wpforms[submit]\" id=\"wpforms-submit-3247\" class=\"wpforms-submit\" data-alt-text=\"Wysy\u0142anie...\" data-submit-text=\"Wy\u015blij\" aria-live=\"assertive\" value=\"wpforms-submit\">Wy\u015blij<\/button><img loading=\"lazy\" decoding=\"async\" src=\"https:\/\/phoenix-travel.pl\/wp-content\/plugins\/wpforms-lite\/assets\/images\/submit-spin.svg\" class=\"wpforms-submit-spinner\" style=\"display: none;\" width=\"26\" height=\"26\" alt=\"Wczytywanie\"><\/div><\/form><\/div>  <!-- .wpforms-container -->\n<\/div><\/div><\/div>\n<\/div>\n<\/div><\/div>","protected":false},"excerpt":{"rendered":"","protected":false},"author":1,"featured_media":0,"parent":0,"menu_order":0,"comment_status":"closed","ping_status":"closed","template":"","meta":{"inline_featured_image":false,"_sitemap_exclude":false,"_sitemap_priority":"","_sitemap_frequency":"","footnotes":""},"categories":[],"tags":[],"class_list":["post-167","page","type-page","status-publish"],"yoast_head":"<!-- This site is optimized with the Yoast SEO plugin v27.4 - https:\/\/yoast.com\/product\/yoast-seo-wordpress\/ -->\n<title>Phoenix Travel Radomsko\u2013 Kontakt<\/title>\n<meta name=\"description\" content=\"Phoenix Travel Radomsko. Kontakt z nami umo\u017cliwi zorganizowanie indywidualnej wycieczki na \u017cyczenie klienta lub wyceny. Zadzwo\u0144 lub napisz!\" \/>\n<meta name=\"robots\" content=\"index, follow, max-snippet:-1, max-image-preview:large, max-video-preview:-1\" \/>\n<link rel=\"canonical\" href=\"https:\/\/phoenix-travel.pl\/?page_id=167\" \/>\n<meta property=\"og:locale\" content=\"pl_PL\" \/>\n<meta property=\"og:type\" content=\"article\" \/>\n<meta property=\"og:title\" content=\"Phoenix Travel Radomsko\u2013 Kontakt\" \/>\n<meta property=\"og:description\" content=\"Phoenix Travel Radomsko. Kontakt z nami umo\u017cliwi zorganizowanie indywidualnej wycieczki na \u017cyczenie klienta lub wyceny. Zadzwo\u0144 lub napisz!\" \/>\n<meta property=\"og:url\" content=\"https:\/\/phoenix-travel.pl\/?page_id=167\" \/>\n<meta property=\"og:site_name\" content=\"Phoenix Travel\" \/>\n<meta property=\"article:publisher\" content=\"https:\/\/www.facebook.com\/phoenixtravelpl\" \/>\n<meta property=\"article:modified_time\" content=\"2023-12-27T12:10:46+00:00\" \/>\n<meta property=\"og:image\" content=\"https:\/\/phoenix-travel.pl\/wp-content\/uploads\/2023\/05\/Phoenix-Travel-Logo-Pionowo-Czarne-SocialMedia-post.jpg\" \/>\n\t<meta property=\"og:image:width\" content=\"1200\" \/>\n\t<meta property=\"og:image:height\" content=\"675\" \/>\n\t<meta property=\"og:image:type\" content=\"image\/jpeg\" \/>\n<meta name=\"twitter:card\" content=\"summary_large_image\" \/>\n<meta name=\"twitter:label1\" content=\"Szacowany czas czytania\" \/>\n\t<meta name=\"twitter:data1\" content=\"1 minuta\" \/>\n<script type=\"application\/ld+json\" class=\"yoast-schema-graph\">{\"@context\":\"https:\\\/\\\/schema.org\",\"@graph\":[{\"@type\":\"WebPage\",\"@id\":\"https:\\\/\\\/phoenix-travel.pl\\\/?page_id=167\",\"url\":\"https:\\\/\\\/phoenix-travel.pl\\\/?page_id=167\",\"name\":\"Phoenix Travel Radomsko\u2013 Kontakt\",\"isPartOf\":{\"@id\":\"https:\\\/\\\/phoenix-travel.pl\\\/#website\"},\"datePublished\":\"2022-08-15T19:35:33+00:00\",\"dateModified\":\"2023-12-27T12:10:46+00:00\",\"description\":\"Phoenix Travel Radomsko. Kontakt z nami umo\u017cliwi zorganizowanie indywidualnej wycieczki na \u017cyczenie klienta lub wyceny. Zadzwo\u0144 lub napisz!\",\"breadcrumb\":{\"@id\":\"https:\\\/\\\/phoenix-travel.pl\\\/?page_id=167#breadcrumb\"},\"inLanguage\":\"pl-PL\",\"potentialAction\":[{\"@type\":\"ReadAction\",\"target\":[\"https:\\\/\\\/phoenix-travel.pl\\\/?page_id=167\"]}]},{\"@type\":\"BreadcrumbList\",\"@id\":\"https:\\\/\\\/phoenix-travel.pl\\\/?page_id=167#breadcrumb\",\"itemListElement\":[{\"@type\":\"ListItem\",\"position\":1,\"name\":\"Strona g\u0142\u00f3wna\",\"item\":\"https:\\\/\\\/phoenix-travel.pl\\\/\"},{\"@type\":\"ListItem\",\"position\":2,\"name\":\"Phoenix Travel Radomsko\u2013 Kontakt\"}]},{\"@type\":\"WebSite\",\"@id\":\"https:\\\/\\\/phoenix-travel.pl\\\/#website\",\"url\":\"https:\\\/\\\/phoenix-travel.pl\\\/\",\"name\":\"Phoenix Travel\",\"description\":\"Biuro Podr\u00f3\u017cy\\\/ Wynajem autokar\u00f3w\\\/ Przew\u00f3z os\u00f3b\",\"publisher\":{\"@id\":\"https:\\\/\\\/phoenix-travel.pl\\\/#organization\"},\"potentialAction\":[{\"@type\":\"SearchAction\",\"target\":{\"@type\":\"EntryPoint\",\"urlTemplate\":\"https:\\\/\\\/phoenix-travel.pl\\\/?s={search_term_string}\"},\"query-input\":{\"@type\":\"PropertyValueSpecification\",\"valueRequired\":true,\"valueName\":\"search_term_string\"}}],\"inLanguage\":\"pl-PL\"},{\"@type\":\"Organization\",\"@id\":\"https:\\\/\\\/phoenix-travel.pl\\\/#organization\",\"name\":\"Phoenix Travel Radomsko\",\"url\":\"https:\\\/\\\/phoenix-travel.pl\\\/\",\"logo\":{\"@type\":\"ImageObject\",\"inLanguage\":\"pl-PL\",\"@id\":\"https:\\\/\\\/phoenix-travel.pl\\\/#\\\/schema\\\/logo\\\/image\\\/\",\"url\":\"https:\\\/\\\/phoenix-travel.pl\\\/wp-content\\\/uploads\\\/2023\\\/02\\\/Phoenix-Travel-Logo-Pionowo-Czarne.jpg\",\"contentUrl\":\"https:\\\/\\\/phoenix-travel.pl\\\/wp-content\\\/uploads\\\/2023\\\/02\\\/Phoenix-Travel-Logo-Pionowo-Czarne.jpg\",\"width\":1563,\"height\":1563,\"caption\":\"Phoenix Travel Radomsko\"},\"image\":{\"@id\":\"https:\\\/\\\/phoenix-travel.pl\\\/#\\\/schema\\\/logo\\\/image\\\/\"},\"sameAs\":[\"https:\\\/\\\/www.facebook.com\\\/phoenixtravelpl\"]}]}<\/script>\n<!-- \/ Yoast SEO plugin. -->","yoast_head_json":{"title":"Phoenix Travel Radomsko\u2013 Kontakt","description":"Phoenix Travel Radomsko. Kontakt z nami umo\u017cliwi zorganizowanie indywidualnej wycieczki na \u017cyczenie klienta lub wyceny. Zadzwo\u0144 lub napisz!","robots":{"index":"index","follow":"follow","max-snippet":"max-snippet:-1","max-image-preview":"max-image-preview:large","max-video-preview":"max-video-preview:-1"},"canonical":"https:\/\/phoenix-travel.pl\/?page_id=167","og_locale":"pl_PL","og_type":"article","og_title":"Phoenix Travel Radomsko\u2013 Kontakt","og_description":"Phoenix Travel Radomsko. Kontakt z nami umo\u017cliwi zorganizowanie indywidualnej wycieczki na \u017cyczenie klienta lub wyceny. Zadzwo\u0144 lub napisz!","og_url":"https:\/\/phoenix-travel.pl\/?page_id=167","og_site_name":"Phoenix Travel","article_publisher":"https:\/\/www.facebook.com\/phoenixtravelpl","article_modified_time":"2023-12-27T12:10:46+00:00","og_image":[{"width":1200,"height":675,"url":"https:\/\/phoenix-travel.pl\/wp-content\/uploads\/2023\/05\/Phoenix-Travel-Logo-Pionowo-Czarne-SocialMedia-post.jpg","type":"image\/jpeg"}],"twitter_card":"summary_large_image","twitter_misc":{"Szacowany czas czytania":"1 minuta"},"schema":{"@context":"https:\/\/schema.org","@graph":[{"@type":"WebPage","@id":"https:\/\/phoenix-travel.pl\/?page_id=167","url":"https:\/\/phoenix-travel.pl\/?page_id=167","name":"Phoenix Travel Radomsko\u2013 Kontakt","isPartOf":{"@id":"https:\/\/phoenix-travel.pl\/#website"},"datePublished":"2022-08-15T19:35:33+00:00","dateModified":"2023-12-27T12:10:46+00:00","description":"Phoenix Travel Radomsko. Kontakt z nami umo\u017cliwi zorganizowanie indywidualnej wycieczki na \u017cyczenie klienta lub wyceny. Zadzwo\u0144 lub napisz!","breadcrumb":{"@id":"https:\/\/phoenix-travel.pl\/?page_id=167#breadcrumb"},"inLanguage":"pl-PL","potentialAction":[{"@type":"ReadAction","target":["https:\/\/phoenix-travel.pl\/?page_id=167"]}]},{"@type":"BreadcrumbList","@id":"https:\/\/phoenix-travel.pl\/?page_id=167#breadcrumb","itemListElement":[{"@type":"ListItem","position":1,"name":"Strona g\u0142\u00f3wna","item":"https:\/\/phoenix-travel.pl\/"},{"@type":"ListItem","position":2,"name":"Phoenix Travel Radomsko\u2013 Kontakt"}]},{"@type":"WebSite","@id":"https:\/\/phoenix-travel.pl\/#website","url":"https:\/\/phoenix-travel.pl\/","name":"Phoenix Travel","description":"Biuro Podr\u00f3\u017cy\/ Wynajem autokar\u00f3w\/ Przew\u00f3z os\u00f3b","publisher":{"@id":"https:\/\/phoenix-travel.pl\/#organization"},"potentialAction":[{"@type":"SearchAction","target":{"@type":"EntryPoint","urlTemplate":"https:\/\/phoenix-travel.pl\/?s={search_term_string}"},"query-input":{"@type":"PropertyValueSpecification","valueRequired":true,"valueName":"search_term_string"}}],"inLanguage":"pl-PL"},{"@type":"Organization","@id":"https:\/\/phoenix-travel.pl\/#organization","name":"Phoenix Travel Radomsko","url":"https:\/\/phoenix-travel.pl\/","logo":{"@type":"ImageObject","inLanguage":"pl-PL","@id":"https:\/\/phoenix-travel.pl\/#\/schema\/logo\/image\/","url":"https:\/\/phoenix-travel.pl\/wp-content\/uploads\/2023\/02\/Phoenix-Travel-Logo-Pionowo-Czarne.jpg","contentUrl":"https:\/\/phoenix-travel.pl\/wp-content\/uploads\/2023\/02\/Phoenix-Travel-Logo-Pionowo-Czarne.jpg","width":1563,"height":1563,"caption":"Phoenix Travel Radomsko"},"image":{"@id":"https:\/\/phoenix-travel.pl\/#\/schema\/logo\/image\/"},"sameAs":["https:\/\/www.facebook.com\/phoenixtravelpl"]}]}},"_links":{"self":[{"href":"https:\/\/phoenix-travel.pl\/index.php?rest_route=\/wp\/v2\/pages\/167","targetHints":{"allow":["GET"]}}],"collection":[{"href":"https:\/\/phoenix-travel.pl\/index.php?rest_route=\/wp\/v2\/pages"}],"about":[{"href":"https:\/\/phoenix-travel.pl\/index.php?rest_route=\/wp\/v2\/types\/page"}],"author":[{"embeddable":true,"href":"https:\/\/phoenix-travel.pl\/index.php?rest_route=\/wp\/v2\/users\/1"}],"replies":[{"embeddable":true,"href":"https:\/\/phoenix-travel.pl\/index.php?rest_route=%2Fwp%2Fv2%2Fcomments&post=167"}],"version-history":[{"count":10,"href":"https:\/\/phoenix-travel.pl\/index.php?rest_route=\/wp\/v2\/pages\/167\/revisions"}],"predecessor-version":[{"id":3614,"href":"https:\/\/phoenix-travel.pl\/index.php?rest_route=\/wp\/v2\/pages\/167\/revisions\/3614"}],"wp:attachment":[{"href":"https:\/\/phoenix-travel.pl\/index.php?rest_route=%2Fwp%2Fv2%2Fmedia&parent=167"}],"wp:term":[{"taxonomy":"category","embeddable":true,"href":"https:\/\/phoenix-travel.pl\/index.php?rest_route=%2Fwp%2Fv2%2Fcategories&post=167"},{"taxonomy":"post_tag","embeddable":true,"href":"https:\/\/phoenix-travel.pl\/index.php?rest_route=%2Fwp%2Fv2%2Ftags&post=167"}],"curies":[{"name":"wp","href":"https:\/\/api.w.org\/{rel}","templated":true}]}}